{"id":44,"date":"2024-11-12T07:33:59","date_gmt":"2024-11-12T06:33:59","guid":{"rendered":"http:\/\/remi-a-amsterdam.fr\/?page_id=44"},"modified":"2024-12-08T11:31:23","modified_gmt":"2024-12-08T10:31:23","slug":"missions-scientifiques","status":"publish","type":"page","link":"https:\/\/terre-de-crat\u00e8res.fr\/?page_id=44","title":{"rendered":"Science"},"content":{"rendered":"\n<hr class=\"wp-block-separator has-alpha-channel-opacity\"\/>\n\n\n\n<h2 class=\"wp-block-heading has-medium-font-size\"><em><strong>Pourquoi sommes nous ici ?<\/strong><\/em><\/h2>\n\n\n\n<p>Les missions scientifiques dans les Terres australes et antarctiques fran\u00e7aises jouent un r\u00f4le important dans la pr\u00e9servation et la compr\u00e9hension des \u00e9cosyst\u00e8mes, des processus g\u00e9ophysiques et chimiques uniques de ces r\u00e9gions tr\u00e8s isol\u00e9es. Au c\u0153ur de ces missions, nous sommes sur le terrain afin de participer aux programmes de recherche men\u00e9s par des laboratoires fran\u00e7ais et internationaux. &nbsp;<\/p>\n\n\n\n<h2 class=\"wp-block-heading has-medium-font-size\"><strong><em>Depuis quand ?<\/em><\/strong><\/h2>\n\n\n\n<p>L&rsquo;histoire des missions scientifiques dans les Terres australes et antarctiques fran\u00e7aises (TAAF) est \u00e9troitement li\u00e9e \u00e0 l&rsquo;exploration, \u00e0 la recherche et \u00e0 la volont\u00e9 de comprendre les environnements les plus recul\u00e9s de la plan\u00e8te. D\u00e8s le XIX\u1d49 si\u00e8cle, les \u00eeles subantarctiques comme Kerguelen, Crozet ou Amsterdam attirent l&rsquo;attention des naturalistes et explorateurs. Ces premiers visiteurs collectent des sp\u00e9cimens de faune et de flore, posant ainsi les bases des \u00e9tudes scientifiques futures.<\/p>\n\n\n\n<p>Au XX\u1d49 si\u00e8cle, les d\u00e9couvertes s\u2019intensifient avec l\u2019\u00e9tablissement de bases permanentes comme Saint Martin de Vivi\u00e8s \u00e0 Amsterdam. Les programmes scientifiques sont massivement implant\u00e9s apr\u00e8s la seconde guerre mondiale et de nombreuses collaborations mondiales visant \u00e0 mieux comprendre les dynamiques climatiques, g\u00e9ologiques et biologiques sont mises en place sur les \u00eeles. Depuis, les missions scientifiques dans les TAAF se sont diversifi\u00e9es pour int\u00e9grer des disciplines vari\u00e9es comme l\u2019oc\u00e9anographie, la biologie marine, la m\u00e9t\u00e9orologie et la glaciologie.<\/p>\n\n\n\n<figure class=\"wp-block-image size-large\"><img loading=\"lazy\" decoding=\"async\" width=\"1024\" height=\"512\" src=\"https:\/\/terre-de-crat\u00e8res.fr\/wp-content\/uploads\/2024\/11\/20201207051304000000_236-1024x512.jpg\" alt=\"\" class=\"wp-image-340\" srcset=\"https:\/\/terre-de-crat\u00e8res.fr\/wp-content\/uploads\/2024\/11\/20201207051304000000_236-1024x512.jpg 1024w, https:\/\/terre-de-crat\u00e8res.fr\/wp-content\/uploads\/2024\/11\/20201207051304000000_236-300x150.jpg 300w, https:\/\/terre-de-crat\u00e8res.fr\/wp-content\/uploads\/2024\/11\/20201207051304000000_236-768x384.jpg 768w, https:\/\/terre-de-crat\u00e8res.fr\/wp-content\/uploads\/2024\/11\/20201207051304000000_236-1536x768.jpg 1536w, https:\/\/terre-de-crat\u00e8res.fr\/wp-content\/uploads\/2024\/11\/20201207051304000000_236-540x270.jpg 540w, https:\/\/terre-de-crat\u00e8res.fr\/wp-content\/uploads\/2024\/11\/20201207051304000000_236-850x425.jpg 850w, https:\/\/terre-de-crat\u00e8res.fr\/wp-content\/uploads\/2024\/11\/20201207051304000000_236.jpg 2000w\" sizes=\"auto, (max-width: 1024px) 100vw, 1024px\" \/><figcaption class=\"wp-element-caption\">Premi\u00e8re mission scientifique envoy\u00e9e sur St Paul pour observer le passage de V\u00e9nus (1874)<\/figcaption><\/figure>\n\n\n\n<hr class=\"wp-block-separator has-alpha-channel-opacity\"\/>\n\n\n\n<h2 class=\"wp-block-heading\" style=\"font-size:27px\"><em><strong>Les programmes scientifiques <\/strong><\/em><\/h2>\n\n\n\n<div class=\"wp-block-cover alignfull is-light\" style=\"min-height:315px;aspect-ratio:unset;\"><span aria-hidden=\"true\" class=\"wp-block-cover__background has-background-dim-100 has-background-dim\" style=\"background-color:#ffffff\"><\/span><div class=\"wp-block-cover__inner-container is-layout-flow wp-block-cover-is-layout-flow\">\n<div class=\"wp-block-media-text alignwide is-stacked-on-mobile is-vertically-aligned-center is-image-fill-element\" style=\"grid-template-columns:56% auto\"><figure class=\"wp-block-media-text__media\"><img loading=\"lazy\" decoding=\"async\" width=\"1024\" height=\"533\" src=\"https:\/\/terre-de-crat\u00e8res.fr\/wp-content\/uploads\/2024\/11\/05-698-1024x533.jpg\" alt=\"\" class=\"wp-image-345 size-full\" style=\"object-position:50% 50%\" srcset=\"https:\/\/terre-de-crat\u00e8res.fr\/wp-content\/uploads\/2024\/11\/05-698-1024x533.jpg 1024w, https:\/\/terre-de-crat\u00e8res.fr\/wp-content\/uploads\/2024\/11\/05-698-300x156.jpg 300w, https:\/\/terre-de-crat\u00e8res.fr\/wp-content\/uploads\/2024\/11\/05-698-768x400.jpg 768w, https:\/\/terre-de-crat\u00e8res.fr\/wp-content\/uploads\/2024\/11\/05-698-1536x800.jpg 1536w, https:\/\/terre-de-crat\u00e8res.fr\/wp-content\/uploads\/2024\/11\/05-698-518x270.jpg 518w, https:\/\/terre-de-crat\u00e8res.fr\/wp-content\/uploads\/2024\/11\/05-698-850x443.jpg 850w, https:\/\/terre-de-crat\u00e8res.fr\/wp-content\/uploads\/2024\/11\/05-698.jpg 1820w\" sizes=\"auto, (max-width: 1024px) 100vw, 1024px\" \/><\/figure><div class=\"wp-block-media-text__content\">\n<h2 class=\"wp-block-heading has-text-color\" style=\"color:#000000;font-size:32px\"><strong>GMOStral<\/strong><\/h2>\n\n\n\n<p class=\"has-text-color\" style=\"color:#000000;font-size:17px\">\u00c9tude du mercure \u00e9l\u00e9mentaire et isotopique dans l&rsquo;atmosph\u00e8re, les pr\u00e9cipitations et l&rsquo;eau de mer<\/p>\n\n\n\n<div class=\"wp-block-buttons is-layout-flex wp-block-buttons-is-layout-flex\">\n<div class=\"wp-block-button is-style-fill\"><a class=\"wp-block-button__link wp-element-button\" href=\"https:\/\/terre-de-crat\u00e8res.fr\/?page_id=371\">EN SAVOIR PLUS<\/a><\/div>\n<\/div>\n<\/div><\/div>\n<\/div><\/div>\n\n\n\n<hr class=\"wp-block-separator has-alpha-channel-opacity\"\/>\n\n\n\n<div class=\"wp-block-cover alignfull is-light\" style=\"min-height:328px;aspect-ratio:unset;\"><span aria-hidden=\"true\" class=\"wp-block-cover__background has-background-dim-100 has-background-dim\" style=\"background-color:#ffffff\"><\/span><div class=\"wp-block-cover__inner-container is-layout-flow wp-block-cover-is-layout-flow\">\n<div class=\"wp-block-media-text alignwide has-media-on-the-right is-stacked-on-mobile is-vertically-aligned-center is-image-fill-element\" style=\"grid-template-columns:auto 56%\"><div class=\"wp-block-media-text__content\">\n<h2 class=\"wp-block-heading has-text-color\" style=\"color:#000000;font-size:32px\"><strong>CAPOxi<\/strong><\/h2>\n\n\n\n<p class=\"has-text-color\" style=\"color:#000000;font-size:17px\">\u00c9tude de la capacit\u00e9 oxydante de l&rsquo;atmosph\u00e8re<\/p>\n\n\n\n<div class=\"wp-block-buttons is-layout-flex wp-block-buttons-is-layout-flex\">\n<div class=\"wp-block-button is-style-fill\"><a class=\"wp-block-button__link wp-element-button\" href=\"https:\/\/terre-de-crat\u00e8res.fr\/?page_id=544\">EN SAVOIR PLUS<\/a><\/div>\n<\/div>\n<\/div><figure class=\"wp-block-media-text__media\"><img loading=\"lazy\" decoding=\"async\" width=\"1024\" height=\"683\" src=\"https:\/\/terre-de-crat\u00e8res.fr\/wp-content\/uploads\/2024\/11\/atmosphere-terrestre-1024x683.jpeg\" alt=\"\" class=\"wp-image-346 size-full\" style=\"object-position:50% 50%\" srcset=\"https:\/\/terre-de-crat\u00e8res.fr\/wp-content\/uploads\/2024\/11\/atmosphere-terrestre-1024x683.jpeg 1024w, https:\/\/terre-de-crat\u00e8res.fr\/wp-content\/uploads\/2024\/11\/atmosphere-terrestre-300x200.jpeg 300w, https:\/\/terre-de-crat\u00e8res.fr\/wp-content\/uploads\/2024\/11\/atmosphere-terrestre-768x512.jpeg 768w, https:\/\/terre-de-crat\u00e8res.fr\/wp-content\/uploads\/2024\/11\/atmosphere-terrestre-1536x1024.jpeg 1536w, https:\/\/terre-de-crat\u00e8res.fr\/wp-content\/uploads\/2024\/11\/atmosphere-terrestre-405x270.jpeg 405w, https:\/\/terre-de-crat\u00e8res.fr\/wp-content\/uploads\/2024\/11\/atmosphere-terrestre-850x567.jpeg 850w, https:\/\/terre-de-crat\u00e8res.fr\/wp-content\/uploads\/2024\/11\/atmosphere-terrestre.jpeg 1920w\" sizes=\"auto, (max-width: 1024px) 100vw, 1024px\" \/><\/figure><\/div>\n<\/div><\/div>\n\n\n\n<hr class=\"wp-block-separator has-alpha-channel-opacity\"\/>\n\n\n\n<div class=\"wp-block-media-text alignwide is-stacked-on-mobile is-vertically-aligned-center is-image-fill-element\" style=\"grid-template-columns:56% auto\"><figure class=\"wp-block-media-text__media\"><img loading=\"lazy\" decoding=\"async\" width=\"600\" height=\"500\" src=\"https:\/\/terre-de-crat\u00e8res.fr\/wp-content\/uploads\/2024\/11\/Earths_magnetic_field_schematic.svg_.png\" alt=\"\" class=\"wp-image-748 size-full\" style=\"object-position:50% 50%\" srcset=\"https:\/\/terre-de-crat\u00e8res.fr\/wp-content\/uploads\/2024\/11\/Earths_magnetic_field_schematic.svg_.png 600w, https:\/\/terre-de-crat\u00e8res.fr\/wp-content\/uploads\/2024\/11\/Earths_magnetic_field_schematic.svg_-300x250.png 300w, https:\/\/terre-de-crat\u00e8res.fr\/wp-content\/uploads\/2024\/11\/Earths_magnetic_field_schematic.svg_-324x270.png 324w\" sizes=\"auto, (max-width: 600px) 100vw, 600px\" \/><\/figure><div class=\"wp-block-media-text__content\">\n<h2 class=\"wp-block-heading has-text-color\" style=\"color:#000000;font-size:32px\">G\u00e9omagn\u00e9tisme<\/h2>\n\n\n\n<p class=\"has-text-color\" style=\"color:#000000;font-size:17px\">\u00c9tude de la variation du champ magn\u00e9tique terrestre<\/p>\n\n\n\n<div class=\"wp-block-buttons is-layout-flex wp-block-buttons-is-layout-flex\">\n<div class=\"wp-block-button is-style-fill\"><a class=\"wp-block-button__link wp-element-button\" href=\"https:\/\/xn--terre-de-cratres-5pb.fr\/?page_id=752\">EN SAVOIR PLUS<\/a><\/div>\n<\/div>\n<\/div><\/div>\n\n\n\n<hr class=\"wp-block-separator has-alpha-channel-opacity\"\/>\n\n\n\n<div class=\"wp-block-media-text alignwide has-media-on-the-right is-stacked-on-mobile is-vertically-aligned-center is-image-fill-element\" style=\"grid-template-columns:auto 56%\"><div class=\"wp-block-media-text__content\">\n<h2 class=\"wp-block-heading has-text-color\" style=\"color:#000000;font-size:32px\">Sismologie<\/h2>\n\n\n\n<p class=\"has-text-color\" style=\"color:#000000;font-size:17px\">\u00c9tude des s\u00e9ismes avec le programme G\u00e9oscope (Terres australes, Antarctique, S\u00e9n\u00e9gal, Alsace)<\/p>\n\n\n\n<div class=\"wp-block-buttons is-layout-flex wp-block-buttons-is-layout-flex\">\n<div class=\"wp-block-button is-style-fill\"><a class=\"wp-block-button__link wp-element-button\" href=\"https:\/\/terre-de-crat\u00e8res.fr\/?page_id=807\">EN SAVOIR PLUS<\/a><\/div>\n<\/div>\n<\/div><figure class=\"wp-block-media-text__media\"><img loading=\"lazy\" decoding=\"async\" width=\"612\" height=\"357\" src=\"https:\/\/terre-de-crat\u00e8res.fr\/wp-content\/uploads\/2024\/12\/istockphoto-923504666-612x612-1.jpg\" alt=\"\" class=\"wp-image-789 size-full\" style=\"object-position:50% 50%\" srcset=\"https:\/\/terre-de-crat\u00e8res.fr\/wp-content\/uploads\/2024\/12\/istockphoto-923504666-612x612-1.jpg 612w, https:\/\/terre-de-crat\u00e8res.fr\/wp-content\/uploads\/2024\/12\/istockphoto-923504666-612x612-1-300x175.jpg 300w, https:\/\/terre-de-crat\u00e8res.fr\/wp-content\/uploads\/2024\/12\/istockphoto-923504666-612x612-1-463x270.jpg 463w\" sizes=\"auto, (max-width: 612px) 100vw, 612px\" \/><\/figure><\/div>\n\n\n\n<p><\/p>\n","protected":false},"excerpt":{"rendered":"<p>Pourquoi sommes nous ici ? Les missions scientifiques dans les Terres australes et antarctiques fran\u00e7aises jouent un r\u00f4le important dans la pr\u00e9servation et la compr\u00e9hension des \u00e9cosyst\u00e8mes, des processus g\u00e9ophysiques et chimiques uniques de ces r\u00e9gions tr\u00e8s isol\u00e9es. Au c\u0153ur de ces missions, nous sommes sur le terrain afin de participer aux programmes de&#8230;<\/p>\n<p class=\"read-more\"><a class=\"btn btn-default\" href=\"https:\/\/terre-de-crat\u00e8res.fr\/?page_id=44\"> Read More<span class=\"screen-reader-text\">  Read More<\/span><\/a><\/p>\n","protected":false},"author":5,"featured_media":0,"parent":0,"menu_order":0,"comment_status":"closed","ping_status":"closed","template":"","meta":{"footnotes":""},"class_list":["post-44","page","type-page","status-publish","hentry"],"yoast_head":"<!-- This site is optimized with the Yoast SEO plugin v27.4 - https:\/\/yoast.com\/product\/yoast-seo-wordpress\/ -->\n<title>Les missions scientifiques sur l&#039;\u00eele d&#039;Amsterdam<\/title>\n<meta name=\"description\" content=\"Les missions scientifiques dans les Taaf jouent un r\u00f4le important dans la pr\u00e9servation, la compr\u00e9hension des \u00e9cosyst\u00e8mes unique au monde.\" \/>\n<meta name=\"robots\" content=\"index, follow, max-snippet:-1, max-image-preview:large, max-video-preview:-1\" \/>\n<link rel=\"canonical\" href=\"https:\/\/terre-de-crat\u00e8res.fr\/?page_id=44\" \/>\n<meta property=\"og:locale\" content=\"fr_FR\" \/>\n<meta property=\"og:type\" content=\"article\" \/>\n<meta property=\"og:title\" content=\"Les missions scientifiques sur l&#039;\u00eele d&#039;Amsterdam\" \/>\n<meta property=\"og:description\" content=\"Les missions scientifiques dans les Taaf jouent un r\u00f4le important dans la pr\u00e9servation, la compr\u00e9hension des \u00e9cosyst\u00e8mes unique au monde.\" \/>\n<meta property=\"og:url\" content=\"https:\/\/terre-de-crat\u00e8res.fr\/?page_id=44\" \/>\n<meta property=\"og:site_name\" content=\"AMSTERDAM\" \/>\n<meta property=\"article:modified_time\" content=\"2024-12-08T10:31:23+00:00\" \/>\n<meta property=\"og:image\" content=\"https:\/\/terre-de-crat\u00e8res.fr\/wp-content\/uploads\/2024\/11\/cropped-9E3A4267-scaled-1.jpg\" \/>\n\t<meta property=\"og:image:width\" content=\"1600\" \/>\n\t<meta property=\"og:image:height\" content=\"776\" \/>\n\t<meta property=\"og:image:type\" content=\"image\/jpeg\" \/>\n<meta name=\"twitter:card\" content=\"summary_large_image\" \/>\n<meta name=\"twitter:label1\" content=\"Dur\u00e9e de lecture estim\u00e9e\" \/>\n\t<meta name=\"twitter:data1\" content=\"3 minutes\" \/>\n<script type=\"application\/ld+json\" class=\"yoast-schema-graph\">{\"@context\":\"https:\\\/\\\/schema.org\",\"@graph\":[{\"@type\":\"WebPage\",\"@id\":\"https:\\\/\\\/terre-de-crat\u00e8res.fr\\\/?page_id=44\",\"url\":\"https:\\\/\\\/terre-de-crat\u00e8res.fr\\\/?page_id=44\",\"name\":\"Les missions scientifiques sur l'\u00eele d'Amsterdam\",\"isPartOf\":{\"@id\":\"https:\\\/\\\/terre-de-crat\u00e8res.fr\\\/#website\"},\"datePublished\":\"2024-11-12T06:33:59+00:00\",\"dateModified\":\"2024-12-08T10:31:23+00:00\",\"description\":\"Les missions scientifiques dans les Taaf jouent un r\u00f4le important dans la pr\u00e9servation, la compr\u00e9hension des \u00e9cosyst\u00e8mes unique au monde.\",\"breadcrumb\":{\"@id\":\"https:\\\/\\\/terre-de-crat\u00e8res.fr\\\/?page_id=44#breadcrumb\"},\"inLanguage\":\"fr-FR\",\"potentialAction\":[{\"@type\":\"ReadAction\",\"target\":[\"https:\\\/\\\/terre-de-crat\u00e8res.fr\\\/?page_id=44\"]}]},{\"@type\":\"BreadcrumbList\",\"@id\":\"https:\\\/\\\/terre-de-crat\u00e8res.fr\\\/?page_id=44#breadcrumb\",\"itemListElement\":[{\"@type\":\"ListItem\",\"position\":1,\"name\":\"Accueil\",\"item\":\"https:\\\/\\\/terre-de-crat\u00e8res.fr\\\/\"},{\"@type\":\"ListItem\",\"position\":2,\"name\":\"Science\"}]},{\"@type\":\"WebSite\",\"@id\":\"https:\\\/\\\/terre-de-crat\u00e8res.fr\\\/#website\",\"url\":\"https:\\\/\\\/terre-de-crat\u00e8res.fr\\\/\",\"name\":\"L'\u00eele d'Amsterdam\",\"description\":\"Les Hivernants de la 76\u00e8me mission racontent\",\"alternateName\":\"Amsterdam et Saint-Paul\",\"potentialAction\":[{\"@type\":\"SearchAction\",\"target\":{\"@type\":\"EntryPoint\",\"urlTemplate\":\"https:\\\/\\\/terre-de-crat\u00e8res.fr\\\/?s={search_term_string}\"},\"query-input\":{\"@type\":\"PropertyValueSpecification\",\"valueRequired\":true,\"valueName\":\"search_term_string\"}}],\"inLanguage\":\"fr-FR\"}]}<\/script>\n<!-- \/ Yoast SEO plugin. -->","yoast_head_json":{"title":"Les missions scientifiques sur l'\u00eele d'Amsterdam","description":"Les missions scientifiques dans les Taaf jouent un r\u00f4le important dans la pr\u00e9servation, la compr\u00e9hension des \u00e9cosyst\u00e8mes unique au monde.","robots":{"index":"index","follow":"follow","max-snippet":"max-snippet:-1","max-image-preview":"max-image-preview:large","max-video-preview":"max-video-preview:-1"},"canonical":"https:\/\/terre-de-crat\u00e8res.fr\/?page_id=44","og_locale":"fr_FR","og_type":"article","og_title":"Les missions scientifiques sur l'\u00eele d'Amsterdam","og_description":"Les missions scientifiques dans les Taaf jouent un r\u00f4le important dans la pr\u00e9servation, la compr\u00e9hension des \u00e9cosyst\u00e8mes unique au monde.","og_url":"https:\/\/terre-de-crat\u00e8res.fr\/?page_id=44","og_site_name":"AMSTERDAM","article_modified_time":"2024-12-08T10:31:23+00:00","og_image":[{"width":1600,"height":776,"url":"https:\/\/terre-de-crat\u00e8res.fr\/wp-content\/uploads\/2024\/11\/cropped-9E3A4267-scaled-1.jpg","type":"image\/jpeg"}],"twitter_card":"summary_large_image","twitter_misc":{"Dur\u00e9e de lecture estim\u00e9e":"3 minutes"},"schema":{"@context":"https:\/\/schema.org","@graph":[{"@type":"WebPage","@id":"https:\/\/terre-de-crat\u00e8res.fr\/?page_id=44","url":"https:\/\/terre-de-crat\u00e8res.fr\/?page_id=44","name":"Les missions scientifiques sur l'\u00eele d'Amsterdam","isPartOf":{"@id":"https:\/\/terre-de-crat\u00e8res.fr\/#website"},"datePublished":"2024-11-12T06:33:59+00:00","dateModified":"2024-12-08T10:31:23+00:00","description":"Les missions scientifiques dans les Taaf jouent un r\u00f4le important dans la pr\u00e9servation, la compr\u00e9hension des \u00e9cosyst\u00e8mes unique au monde.","breadcrumb":{"@id":"https:\/\/terre-de-crat\u00e8res.fr\/?page_id=44#breadcrumb"},"inLanguage":"fr-FR","potentialAction":[{"@type":"ReadAction","target":["https:\/\/terre-de-crat\u00e8res.fr\/?page_id=44"]}]},{"@type":"BreadcrumbList","@id":"https:\/\/terre-de-crat\u00e8res.fr\/?page_id=44#breadcrumb","itemListElement":[{"@type":"ListItem","position":1,"name":"Accueil","item":"https:\/\/terre-de-crat\u00e8res.fr\/"},{"@type":"ListItem","position":2,"name":"Science"}]},{"@type":"WebSite","@id":"https:\/\/terre-de-crat\u00e8res.fr\/#website","url":"https:\/\/terre-de-crat\u00e8res.fr\/","name":"L'\u00eele d'Amsterdam","description":"Les Hivernants de la 76\u00e8me mission racontent","alternateName":"Amsterdam et Saint-Paul","potentialAction":[{"@type":"SearchAction","target":{"@type":"EntryPoint","urlTemplate":"https:\/\/terre-de-crat\u00e8res.fr\/?s={search_term_string}"},"query-input":{"@type":"PropertyValueSpecification","valueRequired":true,"valueName":"search_term_string"}}],"inLanguage":"fr-FR"}]}},"_links":{"self":[{"href":"https:\/\/terre-de-crat\u00e8res.fr\/index.php?rest_route=\/wp\/v2\/pages\/44","targetHints":{"allow":["GET"]}}],"collection":[{"href":"https:\/\/terre-de-crat\u00e8res.fr\/index.php?rest_route=\/wp\/v2\/pages"}],"about":[{"href":"https:\/\/terre-de-crat\u00e8res.fr\/index.php?rest_route=\/wp\/v2\/types\/page"}],"author":[{"embeddable":true,"href":"https:\/\/terre-de-crat\u00e8res.fr\/index.php?rest_route=\/wp\/v2\/users\/5"}],"replies":[{"embeddable":true,"href":"https:\/\/terre-de-crat\u00e8res.fr\/index.php?rest_route=%2Fwp%2Fv2%2Fcomments&post=44"}],"version-history":[{"count":16,"href":"https:\/\/terre-de-crat\u00e8res.fr\/index.php?rest_route=\/wp\/v2\/pages\/44\/revisions"}],"predecessor-version":[{"id":815,"href":"https:\/\/terre-de-crat\u00e8res.fr\/index.php?rest_route=\/wp\/v2\/pages\/44\/revisions\/815"}],"wp:attachment":[{"href":"https:\/\/terre-de-crat\u00e8res.fr\/index.php?rest_route=%2Fwp%2Fv2%2Fmedia&parent=44"}],"curies":[{"name":"wp","href":"https:\/\/api.w.org\/{rel}","templated":true}]}}