{"id":486,"date":"2024-11-20T14:22:31","date_gmt":"2024-11-20T13:22:31","guid":{"rendered":"https:\/\/terre-de-crat\u00e8res.fr\/?page_id=486"},"modified":"2024-12-13T14:45:38","modified_gmt":"2024-12-13T13:45:38","slug":"lhistoire-de-lile-saint-paul","status":"publish","type":"page","link":"https:\/\/terre-de-crat\u00e8res.fr\/?page_id=486","title":{"rendered":"L&rsquo;\u00eele Saint Paul"},"content":{"rendered":"\n<p class=\"has-medium-font-size\" id=\"saint_paul\">Nous avons eux la chance d&rsquo;y poser le pied dans le cadre de notre mission scientifique.<br><strong>Toutes nos photos de notre passage \u00e0 Saint-Paul <a href=\"https:\/\/terre-de-crat\u00e8res.fr\/?page_id=124\">ici<\/a><\/strong><\/p>\n\n\n\n<p class=\"has-medium-font-size\">D\u00e9couverte en 1559, l&rsquo;\u00eele Saint-Paul est un crat\u00e8re volcanique dont un morceau s&rsquo;est effondr\u00e9 laissant l&rsquo;eau s\u2019engouffrer. La derni\u00e8re \u00e9ruption remonte en 1793.<br>Elle est tristement c\u00e9l\u00e8bre avec les oubli\u00e9s de Saint-Paul, un groupe de six hommes et une femme enceinte qui furent abandonn\u00e9s en 1930, alors qu&rsquo;ils \u00e9taient charg\u00e9s par la soci\u00e9t\u00e9 \u00ab&nbsp;La Langouste fran\u00e7aise&nbsp;\u00bb de garder l&rsquo;\u00eele et ses installations.<\/p>\n\n\n\n<p class=\"has-medium-font-size\"><\/p>\n\n\n<div class=\"wp-block-image\">\n<figure data-wp-context=\"{&quot;imageId&quot;:&quot;69e0204112f96&quot;}\" data-wp-interactive=\"core\/image\" data-wp-key=\"69e0204112f96\" class=\"aligncenter size-full wp-lightbox-container\"><img loading=\"lazy\" decoding=\"async\" width=\"2560\" height=\"927\" data-wp-class--hide=\"state.isContentHidden\" data-wp-class--show=\"state.isContentVisible\" data-wp-init=\"callbacks.setButtonStyles\" data-wp-on--click=\"actions.showLightbox\" data-wp-on--load=\"callbacks.setButtonStyles\" data-wp-on-window--resize=\"callbacks.setButtonStyles\" src=\"https:\/\/terre-de-crat\u00e8res.fr\/wp-content\/uploads\/2024\/11\/Ile-Saint-Paul-1-scaled.jpg\" alt=\"L'\u00eele de Saint-Paul avec le Marion Dufresne \u00e0 gauche\" class=\"wp-image-184\" srcset=\"https:\/\/terre-de-crat\u00e8res.fr\/wp-content\/uploads\/2024\/11\/Ile-Saint-Paul-1-scaled.jpg 2560w, https:\/\/terre-de-crat\u00e8res.fr\/wp-content\/uploads\/2024\/11\/Ile-Saint-Paul-1-300x109.jpg 300w, https:\/\/terre-de-crat\u00e8res.fr\/wp-content\/uploads\/2024\/11\/Ile-Saint-Paul-1-1024x371.jpg 1024w, https:\/\/terre-de-crat\u00e8res.fr\/wp-content\/uploads\/2024\/11\/Ile-Saint-Paul-1-768x278.jpg 768w, https:\/\/terre-de-crat\u00e8res.fr\/wp-content\/uploads\/2024\/11\/Ile-Saint-Paul-1-1536x556.jpg 1536w, https:\/\/terre-de-crat\u00e8res.fr\/wp-content\/uploads\/2024\/11\/Ile-Saint-Paul-1-2048x742.jpg 2048w, https:\/\/terre-de-crat\u00e8res.fr\/wp-content\/uploads\/2024\/11\/Ile-Saint-Paul-1-604x219.jpg 604w, https:\/\/terre-de-crat\u00e8res.fr\/wp-content\/uploads\/2024\/11\/Ile-Saint-Paul-1-850x308.jpg 850w\" sizes=\"auto, (max-width: 2560px) 100vw, 2560px\" \/><button\n\t\t\tclass=\"lightbox-trigger\"\n\t\t\ttype=\"button\"\n\t\t\taria-haspopup=\"dialog\"\n\t\t\taria-label=\"Agrandir\"\n\t\t\tdata-wp-init=\"callbacks.initTriggerButton\"\n\t\t\tdata-wp-on--click=\"actions.showLightbox\"\n\t\t\tdata-wp-style--right=\"state.imageButtonRight\"\n\t\t\tdata-wp-style--top=\"state.imageButtonTop\"\n\t\t>\n\t\t\t<svg xmlns=\"http:\/\/www.w3.org\/2000\/svg\" width=\"12\" height=\"12\" fill=\"none\" viewBox=\"0 0 12 12\">\n\t\t\t\t<path fill=\"#fff\" d=\"M2 0a2 2 0 0 0-2 2v2h1.5V2a.5.5 0 0 1 .5-.5h2V0H2Zm2 10.5H2a.5.5 0 0 1-.5-.5V8H0v2a2 2 0 0 0 2 2h2v-1.5ZM8 12v-1.5h2a.5.5 0 0 0 .5-.5V8H12v2a2 2 0 0 1-2 2H8Zm2-12a2 2 0 0 1 2 2v2h-1.5V2a.5.5 0 0 0-.5-.5H8V0h2Z\" \/>\n\t\t\t<\/svg>\n\t\t<\/button><figcaption class=\"wp-element-caption\"><em>Cr\u00e9dit : K\u00e9vin Peyrusse<\/em><\/figcaption><\/figure>\n<\/div>\n\n\n<p class=\"has-medium-font-size\">Aujourd&rsquo;hui seuls les otaries \u00e0 fourrure, gorfous sauteurs, albatros sont les r\u00e9sidents permanents de l&rsquo;\u00eele.<br>Une station scientifique est toujours sur place notamment un sismographe dirig\u00e9 par <a href=\"https:\/\/eost.unistra.fr\/\">l&rsquo;\u00c9cole et Observatoire des Sciences de la Terre (EOST)<\/a> \u00e0 Strasbourg et un mar\u00e9graphe en charge de mesurer le niveau de la mer, g\u00e9r\u00e9 par le <a href=\"https:\/\/www.cnrs.fr\/fr\">CNRS<\/a>.<\/p>\n\n\n\n<p class=\"has-medium-font-size\">L&rsquo;\u00eele est \u00e9galement une r\u00e9serve naturelle int\u00e9grale, son acc\u00e8s est interdit sauf pour la maintenance des \u00e9quipements scientifiques. <\/p>\n\n\n\n<h2 class=\"wp-block-heading\">L&rsquo;histoire et la d\u00e9couverte de l&rsquo;\u00eele Saint-Paul<\/h2>\n\n\n\n<p>L&rsquo;\u00eele Saint-Paul. Sa d\u00e9couverte demeure un myst\u00e8re. Elle appara\u00eet sur un portulan manuscrit d&rsquo;Evert Gysberths, dat\u00e9 de 1559, vers une latitude de 38\u00b0 sud sous la d\u00e9nomination \u00ab\u00a0T.q. descrobio a n\u00e3o S. Paulo\u00a0\u00bb. Cependant, rien n&rsquo;indique pr\u00e9cis\u00e9ment quand et par qui cette \u00eele a \u00e9t\u00e9 d\u00e9couverte, ni l&rsquo;origine de son nom, probablement donn\u00e9 par un navire portugais.<\/p>\n\n\n\n<p><strong>Le 8 novembre 1696<\/strong>, une mission de recherche hollandaise d\u00e9barquera \u00e0 l&rsquo;\u00eele Saint-Paul avant de rejoindre Amsterdam. Compos\u00e9e de trois navires &#8211; la fr\u00e9gate De Geelvink, le hooker De Nijptang et la fl\u00fbte Weseltje. Cette mission est plac\u00e9e sous le commandement de l&rsquo;officier de marine Willem de Vlamingh. L&rsquo;ordre sera donn\u00e9 \u00e0 cette flotte de retrouver le Ridderschap Van Holland, b\u00e2timent hollandais perdu en 1694, entre le Cap et Batavia, et de visiter Saint-Paul et Amsterdam o\u00f9 d&rsquo;\u00e9ventuels rescap\u00e9s pourraient \u00eatre r\u00e9fugi\u00e9s.<\/p>\n\n\n\n<p>Le journal de cette mission donne des premi\u00e8res informations sur l&rsquo;\u00eele de Saint-Paul. Le lac d&rsquo;eau qui se trouve dans le crat\u00e8re ne communique pas avec la mer, ferm\u00e9 par une digue naturelle (qui finira par s&rsquo;effondrer), couverte d&rsquo;otaries, d\u00e9j\u00e0, \u00e0 l&rsquo;\u00e9poque.  <\/p>\n\n\n\n<div class=\"wp-block-media-text is-stacked-on-mobile\"><figure class=\"wp-block-media-text__media\"><img loading=\"lazy\" decoding=\"async\" width=\"1024\" height=\"714\" src=\"https:\/\/terre-de-crat\u00e8res.fr\/wp-content\/uploads\/2024\/11\/SMS_Novara_1864_Martinique-1024x714.jpg\" alt=\"\" class=\"wp-image-387 size-full\" srcset=\"https:\/\/terre-de-crat\u00e8res.fr\/wp-content\/uploads\/2024\/11\/SMS_Novara_1864_Martinique-1024x714.jpg 1024w, https:\/\/terre-de-crat\u00e8res.fr\/wp-content\/uploads\/2024\/11\/SMS_Novara_1864_Martinique-300x209.jpg 300w, https:\/\/terre-de-crat\u00e8res.fr\/wp-content\/uploads\/2024\/11\/SMS_Novara_1864_Martinique-768x536.jpg 768w, https:\/\/terre-de-crat\u00e8res.fr\/wp-content\/uploads\/2024\/11\/SMS_Novara_1864_Martinique-387x270.jpg 387w, https:\/\/terre-de-crat\u00e8res.fr\/wp-content\/uploads\/2024\/11\/SMS_Novara_1864_Martinique-850x593.jpg 850w, https:\/\/terre-de-crat\u00e8res.fr\/wp-content\/uploads\/2024\/11\/SMS_Novara_1864_Martinique.jpg 1200w\" sizes=\"auto, (max-width: 1024px) 100vw, 1024px\" \/><\/figure><div class=\"wp-block-media-text__content\">\n<p>Du <strong>19 novembre au 6 d\u00e9cembre 1857<\/strong>, la fr\u00e9gate autrichienne \u00ab\u00a0la Novara\u00a0\u00bb d\u00e9barque sur l&rsquo;\u00eele Saint-Paul une \u00e9quipe qui y \u00e9tudiera la flore, la faune, et la g\u00e9ologie.<\/p>\n<\/div><\/div>\n\n\n\n<p>Du <strong>23 septembre 1874 au 4 janvier 1875<\/strong>, une \u00e9quipe d&rsquo;astronomes fran\u00e7ais, dirig\u00e9e par l&rsquo;Amiral Ernest Am\u00e9d\u00e9e Barth\u00e9lemy Mouchez, d\u00e9barque de \u00ab\u00a0La Dives\u00a0\u00bb sur Saint-Paul pour observer le passage de V\u00e9nus devant le soleil. Le ph\u00e9nom\u00e8ne est rare, environ une fois par si\u00e8cle. <br>L&rsquo;ann\u00e9e 2024 f\u00eate les 150 ans de cette exp\u00e9dition, pour l&rsquo;occasion une plaque comm\u00e9morative sera install\u00e9 sur l&rsquo;\u00eele durant l&rsquo;OP4, d\u00e9but d\u00e9cembre 2024.<\/p>\n\n\n<div class=\"wp-block-image\">\n<figure class=\"aligncenter size-large\"><img loading=\"lazy\" decoding=\"async\" width=\"1024\" height=\"810\" src=\"https:\/\/terre-de-crat\u00e8res.fr\/wp-content\/uploads\/2024\/11\/1324455-TAAF-BL-150ansMissionMouchezPub-1024x810.jpg\" alt=\"\" class=\"wp-image-389\" srcset=\"https:\/\/terre-de-crat\u00e8res.fr\/wp-content\/uploads\/2024\/11\/1324455-TAAF-BL-150ansMissionMouchezPub-1024x810.jpg 1024w, https:\/\/terre-de-crat\u00e8res.fr\/wp-content\/uploads\/2024\/11\/1324455-TAAF-BL-150ansMissionMouchezPub-300x237.jpg 300w, https:\/\/terre-de-crat\u00e8res.fr\/wp-content\/uploads\/2024\/11\/1324455-TAAF-BL-150ansMissionMouchezPub-768x608.jpg 768w, https:\/\/terre-de-crat\u00e8res.fr\/wp-content\/uploads\/2024\/11\/1324455-TAAF-BL-150ansMissionMouchezPub-341x270.jpg 341w, https:\/\/terre-de-crat\u00e8res.fr\/wp-content\/uploads\/2024\/11\/1324455-TAAF-BL-150ansMissionMouchezPub-850x673.jpg 850w, https:\/\/terre-de-crat\u00e8res.fr\/wp-content\/uploads\/2024\/11\/1324455-TAAF-BL-150ansMissionMouchezPub.jpg 1299w\" sizes=\"auto, (max-width: 1024px) 100vw, 1024px\" \/><figcaption class=\"wp-element-caption\"><em>R\u00e9alis\u00e9 par Nadia Charles<\/em><\/figcaption><\/figure>\n<\/div>\n\n\n<p>Pour l&rsquo;occasion les Terres Australes et Antarctiques Fran\u00e7aises ont \u00e9mis un timbre \u00e0 l&rsquo;effigie de l&rsquo;exp\u00e9dition. <br><strong><a href=\"https:\/\/taaf.fr\/actualite\/un-bloc-anniversaire-des-150-ans-de-lobservation-du-transit-de-venus-devant-le-soleil-par-la-mission-de-lamiral-mouchez\/\">Plus d&rsquo;informations ici<\/a>. <\/strong><\/p>\n\n\n\n<div class=\"wp-block-media-text is-stacked-on-mobile\"><figure class=\"wp-block-media-text__media\"><a href=\"https:\/\/terre-de-crat\u00e8res.fr\/?page_id=124\"><img loading=\"lazy\" decoding=\"async\" width=\"1024\" height=\"683\" src=\"https:\/\/terre-de-crat\u00e8res.fr\/wp-content\/uploads\/2024\/11\/vestiges-de-lancienne-conserverie-de-saint-paul-1024x683.jpg\" alt=\"\" class=\"wp-image-259 size-full\" srcset=\"https:\/\/terre-de-crat\u00e8res.fr\/wp-content\/uploads\/2024\/11\/vestiges-de-lancienne-conserverie-de-saint-paul-1024x683.jpg 1024w, https:\/\/terre-de-crat\u00e8res.fr\/wp-content\/uploads\/2024\/11\/vestiges-de-lancienne-conserverie-de-saint-paul-300x200.jpg 300w, https:\/\/terre-de-crat\u00e8res.fr\/wp-content\/uploads\/2024\/11\/vestiges-de-lancienne-conserverie-de-saint-paul-768x512.jpg 768w, https:\/\/terre-de-crat\u00e8res.fr\/wp-content\/uploads\/2024\/11\/vestiges-de-lancienne-conserverie-de-saint-paul-1536x1025.jpg 1536w, https:\/\/terre-de-crat\u00e8res.fr\/wp-content\/uploads\/2024\/11\/vestiges-de-lancienne-conserverie-de-saint-paul-2048x1367.jpg 2048w, https:\/\/terre-de-crat\u00e8res.fr\/wp-content\/uploads\/2024\/11\/vestiges-de-lancienne-conserverie-de-saint-paul-405x270.jpg 405w, https:\/\/terre-de-crat\u00e8res.fr\/wp-content\/uploads\/2024\/11\/vestiges-de-lancienne-conserverie-de-saint-paul-850x567.jpg 850w\" sizes=\"auto, (max-width: 1024px) 100vw, 1024px\" \/><\/a><\/figure><div class=\"wp-block-media-text__content\">\n<p><strong>1928<\/strong> : \u00ab\u00a0La langouste fran\u00e7aise\u00a0\u00bb, filiale de la soci\u00e9t\u00e9 des \u00eeles Kerguelen met en plus une conserverie de langouste sur l&rsquo;\u00eele Saint-Paul<br><strong>1931<\/strong> : la conserverie ferme ses portes en oubliant sont personnels sur l&rsquo;\u00eele, les oubli\u00e9s de Saint-Paul.<\/p>\n\n\n\n<p><em>Photo, vestige de la conserverie, 2024<\/em><\/p>\n<\/div><\/div>\n\n\n\n<h2 class=\"wp-block-heading\">Les oubli\u00e9s de Saint-Paul<\/h2>\n\n\n\n<p>Quand une soci\u00e9t\u00e9 \u00ab\u00a0oublie\u00a0\u00bb un groupe de six hommes et une femme enceinte en 1930. Charg\u00e9 par \u00ab\u00a0La Langouste Fran\u00e7aise\u00a0\u00bb de garder l&rsquo;installation de la p\u00eacherie \u00e0 Saint-Paul au milieu de l&rsquo;oc\u00e9an Indien. <\/p>\n\n\n\n<p>D\u00e9but <strong>octobre 1929<\/strong>, la soci\u00e9t\u00e9 \u00ab La Langouste fran\u00e7aise \u00bb, propri\u00e9t\u00e9 des Fr\u00e8res Bossi\u00e8re, armateurs du Havre, d\u00e9barqua sur l&rsquo;\u00eele Saint-Paul environ trente Europ\u00e9ens embauch\u00e9s \u00e0 Concarneau et dans les environs pour une campagne de p\u00eache \u00e0 la langouste durant la saison estivale, de novembre \u00e0 mars. \u00c0 la fin de cette campagne, le navire Austral de la soci\u00e9t\u00e9 est venu chercher le personnel pour le ramener en France et a lev\u00e9 l&rsquo;ancre <strong>d\u00e9but mars 1930<\/strong>, laissant sept personnes sur l&rsquo;\u00eele pour garder et conserver le mat\u00e9riel durant l&rsquo;hiver austral : <\/p>\n\n\n\n<figure class=\"wp-block-pullquote\"><blockquote><p>Julien Le Huludut (de Concarneau), <br>Victor et Louise Le Brunou (enceinte), <br>Pierre Quillivic (de Plouhinec), <br>Louis Herl\u00e9dan (de Riec-sur-Belon), <br>Manuel Puloch (de Tr\u00e9gunc),<br>Fran\u00e7ois Ramamongi (un jeune Malgache).<\/p><\/blockquote><\/figure>\n\n\n\n<p>L&rsquo;administrateur de la soci\u00e9t\u00e9, Alfred Caill\u00e9, leur avait <strong>promis de leur envoyer un bateau<\/strong> ravitailleur dans les deux ou trois mois suivant le d\u00e9part de l&rsquo;Austral. Cependant, il n&rsquo;en fut rien. <br><br>Louise Le Brunou accoucha fin mars d&rsquo;une petite fille nomm\u00e9e Paule, en hommage \u00e0 l&rsquo;\u00eele. Malheureusement, la petite ne v\u00e9cut que deux mois et fut enterr\u00e9e dans une caisse de conserves. <br><br>Par manque de vivres frais et \u00e0 cause d&rsquo;une consommation excessive de conserves (b\u0153uf en gel\u00e9e) avari\u00e9es, les gardiens commenc\u00e8rent \u00e0 souffrir de scorbut, qu&rsquo;ils identifi\u00e8rent gr\u00e2ce \u00e0 un livre de m\u00e9decine laiss\u00e9 sur place. Louis Herl\u00e9dan d\u00e9crit : \u00ab <em>Jambes gonfl\u00e9es, pleines de liquide jaun\u00e2tre, que nous essayons d&rsquo;\u00e9liminer par incision<\/em> \u00bb. Le premier \u00e0 succomber fut Manuel Puloch <strong>le 30 juillet<\/strong>, suivi de Fran\u00e7ois Ramamongi et Victor Le Brunou. Pierre Quillivic quitta l&rsquo;\u00eele en canot par une mer d\u00e9mont\u00e9e et ne fut jamais revu.<\/p>\n\n\n\n<p>Quand le bateau \u00cele Saint-Paul accosta finalement sur l&rsquo;\u00eele neuf mois plus tard, en <strong>d\u00e9cembre 1930<\/strong>, seuls <strong>trois des sept gardiens avaient surv\u00e9cu<\/strong> : Julien Le Huludut, Louise Le Brunou et Louis Herl\u00e9dan.<\/p>\n\n\n\n<p>S&rsquo;ensuivit en France un proc\u00e8s intent\u00e9 par les survivants et leurs familles, qui dura du 24 juillet 1931 (d\u00e9p\u00f4t de plainte) au 19 avril 1937 (jugement en appel). La cause des oubli\u00e9s de Saint-Paul fut d\u00e9fendue par C\u00e9sar Campinchi jusqu&rsquo;en 1936, avant qu&rsquo;il ne devienne ministre de la Marine. La d\u00e9fense de \u00ab La Langouste fran\u00e7aise \u00bb \u00e9tait assur\u00e9e par Alcide Delmont, sous-secr\u00e9taire d&rsquo;\u00c9tat aux Colonies du 3 novembre 1929 au 21 f\u00e9vrier 1930 et du 2 mars au 30 d\u00e9cembre 1930.<\/p>\n\n\n\n<p>En avril 1935, la soci\u00e9t\u00e9 \u00ab La Langouste fran\u00e7aise \u00bb fut reconnue coupable et condamn\u00e9e \u00e0 verser des indemnit\u00e9s aux victimes et \u00e0 leurs familles, mais elle fit appel. Le 8 avril 1937, le jugement en appel confirma la responsabilit\u00e9 de la soci\u00e9t\u00e9. Toutefois, en raison de sa faillite, <strong>les victimes ne re\u00e7urent aucune indemnisation.<\/strong><\/p>\n\n\n\n<figure class=\"wp-block-gallery has-nested-images columns-default is-cropped wp-block-gallery-1 is-layout-flex wp-block-gallery-is-layout-flex\">\n<figure class=\"wp-block-image size-large\"><img loading=\"lazy\" decoding=\"async\" width=\"1024\" height=\"683\" data-id=\"759\" src=\"https:\/\/terre-de-crat\u00e8res.fr\/wp-content\/uploads\/2024\/12\/2020-11_Saint-Paul_Island_17-1024x683.jpg\" alt=\"\" class=\"wp-image-759\" srcset=\"https:\/\/terre-de-crat\u00e8res.fr\/wp-content\/uploads\/2024\/12\/2020-11_Saint-Paul_Island_17-1024x683.jpg 1024w, https:\/\/terre-de-crat\u00e8res.fr\/wp-content\/uploads\/2024\/12\/2020-11_Saint-Paul_Island_17-300x200.jpg 300w, https:\/\/terre-de-crat\u00e8res.fr\/wp-content\/uploads\/2024\/12\/2020-11_Saint-Paul_Island_17-768x512.jpg 768w, https:\/\/terre-de-crat\u00e8res.fr\/wp-content\/uploads\/2024\/12\/2020-11_Saint-Paul_Island_17-1536x1024.jpg 1536w, https:\/\/terre-de-crat\u00e8res.fr\/wp-content\/uploads\/2024\/12\/2020-11_Saint-Paul_Island_17-2048x1365.jpg 2048w, https:\/\/terre-de-crat\u00e8res.fr\/wp-content\/uploads\/2024\/12\/2020-11_Saint-Paul_Island_17-405x270.jpg 405w, https:\/\/terre-de-crat\u00e8res.fr\/wp-content\/uploads\/2024\/12\/2020-11_Saint-Paul_Island_17-850x567.jpg 850w\" sizes=\"auto, (max-width: 1024px) 100vw, 1024px\" \/><figcaption class=\"wp-element-caption\"><em>Plaque comm\u00e9morative \u00e0 Saint-Paul &#8211; Antoine Lamielle<\/em><\/figcaption><\/figure>\n\n\n\n<figure class=\"wp-block-image size-large\"><img loading=\"lazy\" decoding=\"async\" width=\"1024\" height=\"683\" data-id=\"762\" src=\"https:\/\/terre-de-crat\u00e8res.fr\/wp-content\/uploads\/2024\/12\/DSC0277_resized-1024x683.jpg\" alt=\"\" class=\"wp-image-762\" srcset=\"https:\/\/terre-de-crat\u00e8res.fr\/wp-content\/uploads\/2024\/12\/DSC0277_resized-1024x683.jpg 1024w, https:\/\/terre-de-crat\u00e8res.fr\/wp-content\/uploads\/2024\/12\/DSC0277_resized-300x200.jpg 300w, https:\/\/terre-de-crat\u00e8res.fr\/wp-content\/uploads\/2024\/12\/DSC0277_resized-768x512.jpg 768w, https:\/\/terre-de-crat\u00e8res.fr\/wp-content\/uploads\/2024\/12\/DSC0277_resized-1536x1024.jpg 1536w, https:\/\/terre-de-crat\u00e8res.fr\/wp-content\/uploads\/2024\/12\/DSC0277_resized-2048x1366.jpg 2048w, https:\/\/terre-de-crat\u00e8res.fr\/wp-content\/uploads\/2024\/12\/DSC0277_resized-405x270.jpg 405w, https:\/\/terre-de-crat\u00e8res.fr\/wp-content\/uploads\/2024\/12\/DSC0277_resized-850x567.jpg 850w\" sizes=\"auto, (max-width: 1024px) 100vw, 1024px\" \/><figcaption class=\"wp-element-caption\"><em>vestiges de la conserverie<\/em><\/figcaption><\/figure>\n<\/figure>\n\n\n\n<p><\/p>\n","protected":false},"excerpt":{"rendered":"<p>Nous avons eux la chance d&rsquo;y poser le pied dans le cadre de notre mission scientifique.Toutes nos photos de notre passage \u00e0 Saint-Paul ici D\u00e9couverte en 1559, l&rsquo;\u00eele Saint-Paul est un crat\u00e8re volcanique dont un morceau s&rsquo;est effondr\u00e9 laissant l&rsquo;eau s\u2019engouffrer. La derni\u00e8re \u00e9ruption remonte en 1793.Elle est tristement c\u00e9l\u00e8bre avec les oubli\u00e9s de&#8230;<\/p>\n<p class=\"read-more\"><a class=\"btn btn-default\" href=\"https:\/\/terre-de-crat\u00e8res.fr\/?page_id=486\"> Read More<span class=\"screen-reader-text\">  Read More<\/span><\/a><\/p>\n","protected":false},"author":1,"featured_media":0,"parent":0,"menu_order":0,"comment_status":"closed","ping_status":"closed","template":"","meta":{"footnotes":""},"class_list":["post-486","page","type-page","status-publish","hentry"],"yoast_head":"<!-- This site is optimized with the Yoast SEO plugin v27.4 - https:\/\/yoast.com\/product\/yoast-seo-wordpress\/ -->\n<title>L&#039;\u00eele Saint Paul - L&#039;histoire<\/title>\n<meta name=\"description\" content=\"L&#039;histoire de l&#039;\u00eele Saint-Paul.Elle appara\u00eet sur un portulan manuscrit, dat\u00e9 de 1559, sous la d\u00e9nomination &quot;T.q. descrobio a n\u00e3o S. Paulo&quot;.\" \/>\n<meta name=\"robots\" content=\"index, follow, max-snippet:-1, max-image-preview:large, max-video-preview:-1\" \/>\n<link rel=\"canonical\" href=\"https:\/\/terre-de-crat\u00e8res.fr\/?page_id=486\" \/>\n<meta property=\"og:locale\" content=\"fr_FR\" \/>\n<meta property=\"og:type\" content=\"article\" \/>\n<meta property=\"og:title\" content=\"L&#039;\u00eele Saint Paul - L&#039;histoire\" \/>\n<meta property=\"og:description\" content=\"L&#039;histoire de l&#039;\u00eele Saint-Paul.Elle appara\u00eet sur un portulan manuscrit, dat\u00e9 de 1559, sous la d\u00e9nomination &quot;T.q. descrobio a n\u00e3o S. Paulo&quot;.\" \/>\n<meta property=\"og:url\" content=\"https:\/\/terre-de-crat\u00e8res.fr\/?page_id=486\" \/>\n<meta property=\"og:site_name\" content=\"AMSTERDAM\" \/>\n<meta property=\"article:modified_time\" content=\"2024-12-13T13:45:38+00:00\" \/>\n<meta property=\"og:image\" content=\"https:\/\/terre-de-crat\u00e8res.fr\/wp-content\/uploads\/2024\/11\/cropped-9E3A4267-scaled-1.jpg\" \/>\n\t<meta property=\"og:image:width\" content=\"1600\" \/>\n\t<meta property=\"og:image:height\" content=\"776\" \/>\n\t<meta property=\"og:image:type\" content=\"image\/jpeg\" \/>\n<meta name=\"twitter:card\" content=\"summary_large_image\" \/>\n<meta name=\"twitter:label1\" content=\"Dur\u00e9e de lecture estim\u00e9e\" \/>\n\t<meta name=\"twitter:data1\" content=\"7 minutes\" \/>\n<script type=\"application\/ld+json\" class=\"yoast-schema-graph\">{\"@context\":\"https:\\\/\\\/schema.org\",\"@graph\":[{\"@type\":\"WebPage\",\"@id\":\"https:\\\/\\\/terre-de-crat\u00e8res.fr\\\/?page_id=486\",\"url\":\"https:\\\/\\\/terre-de-crat\u00e8res.fr\\\/?page_id=486\",\"name\":\"L'\u00eele Saint Paul - L'histoire\",\"isPartOf\":{\"@id\":\"https:\\\/\\\/terre-de-crat\u00e8res.fr\\\/#website\"},\"datePublished\":\"2024-11-20T13:22:31+00:00\",\"dateModified\":\"2024-12-13T13:45:38+00:00\",\"description\":\"L'histoire de l'\u00eele Saint-Paul.Elle appara\u00eet sur un portulan manuscrit, dat\u00e9 de 1559, sous la d\u00e9nomination \\\"T.q. descrobio a n\u00e3o S. Paulo\\\".\",\"breadcrumb\":{\"@id\":\"https:\\\/\\\/terre-de-crat\u00e8res.fr\\\/?page_id=486#breadcrumb\"},\"inLanguage\":\"fr-FR\",\"potentialAction\":[{\"@type\":\"ReadAction\",\"target\":[\"https:\\\/\\\/terre-de-crat\u00e8res.fr\\\/?page_id=486\"]}]},{\"@type\":\"BreadcrumbList\",\"@id\":\"https:\\\/\\\/terre-de-crat\u00e8res.fr\\\/?page_id=486#breadcrumb\",\"itemListElement\":[{\"@type\":\"ListItem\",\"position\":1,\"name\":\"Accueil\",\"item\":\"https:\\\/\\\/terre-de-crat\u00e8res.fr\\\/\"},{\"@type\":\"ListItem\",\"position\":2,\"name\":\"L&rsquo;\u00eele Saint Paul\"}]},{\"@type\":\"WebSite\",\"@id\":\"https:\\\/\\\/terre-de-crat\u00e8res.fr\\\/#website\",\"url\":\"https:\\\/\\\/terre-de-crat\u00e8res.fr\\\/\",\"name\":\"L'\u00eele d'Amsterdam\",\"description\":\"Les Hivernants de la 76\u00e8me mission racontent\",\"alternateName\":\"Amsterdam et Saint-Paul\",\"potentialAction\":[{\"@type\":\"SearchAction\",\"target\":{\"@type\":\"EntryPoint\",\"urlTemplate\":\"https:\\\/\\\/terre-de-crat\u00e8res.fr\\\/?s={search_term_string}\"},\"query-input\":{\"@type\":\"PropertyValueSpecification\",\"valueRequired\":true,\"valueName\":\"search_term_string\"}}],\"inLanguage\":\"fr-FR\"}]}<\/script>\n<!-- \/ Yoast SEO plugin. -->","yoast_head_json":{"title":"L'\u00eele Saint Paul - L'histoire","description":"L'histoire de l'\u00eele Saint-Paul.Elle appara\u00eet sur un portulan manuscrit, dat\u00e9 de 1559, sous la d\u00e9nomination \"T.q. descrobio a n\u00e3o S. Paulo\".","robots":{"index":"index","follow":"follow","max-snippet":"max-snippet:-1","max-image-preview":"max-image-preview:large","max-video-preview":"max-video-preview:-1"},"canonical":"https:\/\/terre-de-crat\u00e8res.fr\/?page_id=486","og_locale":"fr_FR","og_type":"article","og_title":"L'\u00eele Saint Paul - L'histoire","og_description":"L'histoire de l'\u00eele Saint-Paul.Elle appara\u00eet sur un portulan manuscrit, dat\u00e9 de 1559, sous la d\u00e9nomination \"T.q. descrobio a n\u00e3o S. Paulo\".","og_url":"https:\/\/terre-de-crat\u00e8res.fr\/?page_id=486","og_site_name":"AMSTERDAM","article_modified_time":"2024-12-13T13:45:38+00:00","og_image":[{"width":1600,"height":776,"url":"https:\/\/terre-de-crat\u00e8res.fr\/wp-content\/uploads\/2024\/11\/cropped-9E3A4267-scaled-1.jpg","type":"image\/jpeg"}],"twitter_card":"summary_large_image","twitter_misc":{"Dur\u00e9e de lecture estim\u00e9e":"7 minutes"},"schema":{"@context":"https:\/\/schema.org","@graph":[{"@type":"WebPage","@id":"https:\/\/terre-de-crat\u00e8res.fr\/?page_id=486","url":"https:\/\/terre-de-crat\u00e8res.fr\/?page_id=486","name":"L'\u00eele Saint Paul - L'histoire","isPartOf":{"@id":"https:\/\/terre-de-crat\u00e8res.fr\/#website"},"datePublished":"2024-11-20T13:22:31+00:00","dateModified":"2024-12-13T13:45:38+00:00","description":"L'histoire de l'\u00eele Saint-Paul.Elle appara\u00eet sur un portulan manuscrit, dat\u00e9 de 1559, sous la d\u00e9nomination \"T.q. descrobio a n\u00e3o S. Paulo\".","breadcrumb":{"@id":"https:\/\/terre-de-crat\u00e8res.fr\/?page_id=486#breadcrumb"},"inLanguage":"fr-FR","potentialAction":[{"@type":"ReadAction","target":["https:\/\/terre-de-crat\u00e8res.fr\/?page_id=486"]}]},{"@type":"BreadcrumbList","@id":"https:\/\/terre-de-crat\u00e8res.fr\/?page_id=486#breadcrumb","itemListElement":[{"@type":"ListItem","position":1,"name":"Accueil","item":"https:\/\/terre-de-crat\u00e8res.fr\/"},{"@type":"ListItem","position":2,"name":"L&rsquo;\u00eele Saint Paul"}]},{"@type":"WebSite","@id":"https:\/\/terre-de-crat\u00e8res.fr\/#website","url":"https:\/\/terre-de-crat\u00e8res.fr\/","name":"L'\u00eele d'Amsterdam","description":"Les Hivernants de la 76\u00e8me mission racontent","alternateName":"Amsterdam et Saint-Paul","potentialAction":[{"@type":"SearchAction","target":{"@type":"EntryPoint","urlTemplate":"https:\/\/terre-de-crat\u00e8res.fr\/?s={search_term_string}"},"query-input":{"@type":"PropertyValueSpecification","valueRequired":true,"valueName":"search_term_string"}}],"inLanguage":"fr-FR"}]}},"_links":{"self":[{"href":"https:\/\/terre-de-crat\u00e8res.fr\/index.php?rest_route=\/wp\/v2\/pages\/486","targetHints":{"allow":["GET"]}}],"collection":[{"href":"https:\/\/terre-de-crat\u00e8res.fr\/index.php?rest_route=\/wp\/v2\/pages"}],"about":[{"href":"https:\/\/terre-de-crat\u00e8res.fr\/index.php?rest_route=\/wp\/v2\/types\/page"}],"author":[{"embeddable":true,"href":"https:\/\/terre-de-crat\u00e8res.fr\/index.php?rest_route=\/wp\/v2\/users\/1"}],"replies":[{"embeddable":true,"href":"https:\/\/terre-de-crat\u00e8res.fr\/index.php?rest_route=%2Fwp%2Fv2%2Fcomments&post=486"}],"version-history":[{"count":18,"href":"https:\/\/terre-de-crat\u00e8res.fr\/index.php?rest_route=\/wp\/v2\/pages\/486\/revisions"}],"predecessor-version":[{"id":1039,"href":"https:\/\/terre-de-crat\u00e8res.fr\/index.php?rest_route=\/wp\/v2\/pages\/486\/revisions\/1039"}],"wp:attachment":[{"href":"https:\/\/terre-de-crat\u00e8res.fr\/index.php?rest_route=%2Fwp%2Fv2%2Fmedia&parent=486"}],"curies":[{"name":"wp","href":"https:\/\/api.w.org\/{rel}","templated":true}]}}