{"id":490,"date":"2024-11-20T14:23:30","date_gmt":"2024-11-20T13:23:30","guid":{"rendered":"https:\/\/terre-de-crat\u00e8res.fr\/?page_id=490"},"modified":"2024-12-25T07:39:08","modified_gmt":"2024-12-25T06:39:08","slug":"l-ile-d-amsterdam","status":"publish","type":"page","link":"https:\/\/terre-de-crat\u00e8res.fr\/?page_id=490","title":{"rendered":"L&rsquo;\u00eele d&rsquo;Amsterdam"},"content":{"rendered":"\n<h2 class=\"wp-block-heading\">La carte interactive<\/h2>\n\n\n<p><iframe loading=\"lazy\" width=\"800\" height=\"600\" frameborder=\"0\" style=\"border:0\" src=\"https:\/\/lizmap.taaf.fr\/index.php\/view\/embed?repository=taaf&#038;project=Amsterdam_lizmap#77.475983,-37.868077,77.588287,-37.830166|Logistique,Infrastructures,P%C3%A9rim%C3%A8tre%20des%20bases,Limites%20maritimes,P%C3%A9rim%C3%A8tre%20RNN|,,,,|1,1,1,1,1\" allowfullscreen><\/iframe><\/p>\n\n\n\n<p class=\"has-medium-font-size\">L&rsquo;\u00eele d&rsquo;Amsterdam, anciennement Nouvelle-Amsterdam, est une \u00eele de 58km2 perdue au sud de l&rsquo;oc\u00e9an indien. L&rsquo;une des \u00eeles les plus isol\u00e9es du monde. C&rsquo;est une \u00eele volcanique qui abrite la base <strong><em>Martin-De-Vivi\u00e8s <\/em><\/strong>ou depuis 1949 s\u00e9journe campagnards d&rsquo;\u00e9t\u00e9 et hivernants.<\/p>\n\n\n\n<figure data-wp-context=\"{&quot;imageId&quot;:&quot;69decc017c382&quot;}\" data-wp-interactive=\"core\/image\" data-wp-key=\"69decc017c382\" class=\"wp-block-image size-large wp-lightbox-container\"><img loading=\"lazy\" decoding=\"async\" width=\"1024\" height=\"344\" data-wp-class--hide=\"state.isContentHidden\" data-wp-class--show=\"state.isContentVisible\" data-wp-init=\"callbacks.setButtonStyles\" data-wp-on--click=\"actions.showLightbox\" data-wp-on--load=\"callbacks.setButtonStyles\" data-wp-on-window--resize=\"callbacks.setButtonStyles\" src=\"https:\/\/terre-de-crat\u00e8res.fr\/wp-content\/uploads\/2024\/11\/cropped-DSC0378-1024x344.jpg\" alt=\"Base Martin-de-Vivi\u00e8s\" class=\"wp-image-81\" srcset=\"https:\/\/terre-de-crat\u00e8res.fr\/wp-content\/uploads\/2024\/11\/cropped-DSC0378-1024x344.jpg 1024w, https:\/\/terre-de-crat\u00e8res.fr\/wp-content\/uploads\/2024\/11\/cropped-DSC0378-300x101.jpg 300w, https:\/\/terre-de-crat\u00e8res.fr\/wp-content\/uploads\/2024\/11\/cropped-DSC0378-768x258.jpg 768w, https:\/\/terre-de-crat\u00e8res.fr\/wp-content\/uploads\/2024\/11\/cropped-DSC0378-1536x516.jpg 1536w, https:\/\/terre-de-crat\u00e8res.fr\/wp-content\/uploads\/2024\/11\/cropped-DSC0378-604x203.jpg 604w, https:\/\/terre-de-crat\u00e8res.fr\/wp-content\/uploads\/2024\/11\/cropped-DSC0378.jpg 1600w\" sizes=\"auto, (max-width: 1024px) 100vw, 1024px\" \/><button\n\t\t\tclass=\"lightbox-trigger\"\n\t\t\ttype=\"button\"\n\t\t\taria-haspopup=\"dialog\"\n\t\t\taria-label=\"Agrandir\"\n\t\t\tdata-wp-init=\"callbacks.initTriggerButton\"\n\t\t\tdata-wp-on--click=\"actions.showLightbox\"\n\t\t\tdata-wp-style--right=\"state.imageButtonRight\"\n\t\t\tdata-wp-style--top=\"state.imageButtonTop\"\n\t\t>\n\t\t\t<svg xmlns=\"http:\/\/www.w3.org\/2000\/svg\" width=\"12\" height=\"12\" fill=\"none\" viewBox=\"0 0 12 12\">\n\t\t\t\t<path fill=\"#fff\" d=\"M2 0a2 2 0 0 0-2 2v2h1.5V2a.5.5 0 0 1 .5-.5h2V0H2Zm2 10.5H2a.5.5 0 0 1-.5-.5V8H0v2a2 2 0 0 0 2 2h2v-1.5ZM8 12v-1.5h2a.5.5 0 0 0 .5-.5V8H12v2a2 2 0 0 1-2 2H8Zm2-12a2 2 0 0 1 2 2v2h-1.5V2a.5.5 0 0 0-.5-.5H8V0h2Z\" \/>\n\t\t\t<\/svg>\n\t\t<\/button><figcaption class=\"wp-element-caption\">La base <em>Martin-De-Vivi\u00e8s vue depuis le Marion Dufresne &#8211; OP3 2024 <\/em><\/figcaption><\/figure>\n\n\n<div class=\"wp-block-image\">\n<figure data-wp-context=\"{&quot;imageId&quot;:&quot;69decc017cb34&quot;}\" data-wp-interactive=\"core\/image\" data-wp-key=\"69decc017cb34\" class=\"aligncenter size-large is-resized wp-lightbox-container\"><img loading=\"lazy\" decoding=\"async\" width=\"1024\" height=\"768\" data-wp-class--hide=\"state.isContentHidden\" data-wp-class--show=\"state.isContentVisible\" data-wp-init=\"callbacks.setButtonStyles\" data-wp-on--click=\"actions.showLightbox\" data-wp-on--load=\"callbacks.setButtonStyles\" data-wp-on-window--resize=\"callbacks.setButtonStyles\" src=\"https:\/\/terre-de-crat\u00e8res.fr\/wp-content\/uploads\/2024\/11\/P6260497-1024x768.jpg\" alt=\"Vue a\u00e9rienne de l'\u00eele d'Amsterdam\" class=\"wp-image-188\" style=\"width:720px;height:auto\" srcset=\"https:\/\/terre-de-crat\u00e8res.fr\/wp-content\/uploads\/2024\/11\/P6260497-1024x768.jpg 1024w, https:\/\/terre-de-crat\u00e8res.fr\/wp-content\/uploads\/2024\/11\/P6260497-300x225.jpg 300w, https:\/\/terre-de-crat\u00e8res.fr\/wp-content\/uploads\/2024\/11\/P6260497-768x576.jpg 768w, https:\/\/terre-de-crat\u00e8res.fr\/wp-content\/uploads\/2024\/11\/P6260497-1536x1152.jpg 1536w, https:\/\/terre-de-crat\u00e8res.fr\/wp-content\/uploads\/2024\/11\/P6260497-2048x1536.jpg 2048w, https:\/\/terre-de-crat\u00e8res.fr\/wp-content\/uploads\/2024\/11\/P6260497-360x270.jpg 360w, https:\/\/terre-de-crat\u00e8res.fr\/wp-content\/uploads\/2024\/11\/P6260497-850x638.jpg 850w\" sizes=\"auto, (max-width: 1024px) 100vw, 1024px\" \/><button\n\t\t\tclass=\"lightbox-trigger\"\n\t\t\ttype=\"button\"\n\t\t\taria-haspopup=\"dialog\"\n\t\t\taria-label=\"Agrandir\"\n\t\t\tdata-wp-init=\"callbacks.initTriggerButton\"\n\t\t\tdata-wp-on--click=\"actions.showLightbox\"\n\t\t\tdata-wp-style--right=\"state.imageButtonRight\"\n\t\t\tdata-wp-style--top=\"state.imageButtonTop\"\n\t\t>\n\t\t\t<svg xmlns=\"http:\/\/www.w3.org\/2000\/svg\" width=\"12\" height=\"12\" fill=\"none\" viewBox=\"0 0 12 12\">\n\t\t\t\t<path fill=\"#fff\" d=\"M2 0a2 2 0 0 0-2 2v2h1.5V2a.5.5 0 0 1 .5-.5h2V0H2Zm2 10.5H2a.5.5 0 0 1-.5-.5V8H0v2a2 2 0 0 0 2 2h2v-1.5ZM8 12v-1.5h2a.5.5 0 0 0 .5-.5V8H12v2a2 2 0 0 1-2 2H8Zm2-12a2 2 0 0 1 2 2v2h-1.5V2a.5.5 0 0 0-.5-.5H8V0h2Z\" \/>\n\t\t\t<\/svg>\n\t\t<\/button><\/figure>\n<\/div>\n\n\n<p class=\"has-medium-font-size\"><br>Les campagnards d&rsquo;\u00e9t\u00e9 ne restent que quelques mois durant l&rsquo;\u00e9t\u00e9 austral pour mener des campagnes scientifiques. Les hivernants restent 13 mois pour r\u00e9aliser d&rsquo;autres protocoles scientifiques et assurer leur suivi, mais aussi pour maintenir et participer \u00e0 l&rsquo;entretient de la base, \u00e0 la logistique, et maintenance de nombreux \u00e9quipements.  <\/p>\n\n\n\n<p class=\"has-medium-font-size\">Les programmes scientifiques en place :<\/p>\n\n\n\n<ul class=\"wp-block-list\">\n<li class=\"has-medium-font-size\">Sismologie <\/li>\n\n\n\n<li class=\"has-medium-font-size\">Magn\u00e9tisme<\/li>\n\n\n\n<li class=\"has-medium-font-size\">Mesure du niveau de la mer<\/li>\n\n\n\n<li class=\"has-medium-font-size\">Ecologie et \u00e9cophysiologie<\/li>\n\n\n\n<li class=\"has-medium-font-size\">Chimie de l&rsquo;atmosph\u00e8re  <\/li>\n\n\n\n<li class=\"has-medium-font-size\">Suivi des esp\u00e8ces end\u00e9miques et leur r\u00e9introduction <\/li>\n<\/ul>\n\n\n\n<p>Toutes les informations sur les programmes scientifiques<a href=\"https:\/\/terre-de-crat\u00e8res.fr\/?page_id=44\"> ici <\/a><\/p>\n\n\n\n<h2 class=\"wp-block-heading\">L&rsquo;histoire et la d\u00e9couverte de l&rsquo;\u00eele<\/h2>\n\n\n\n<blockquote class=\"wp-block-quote is-layout-flow wp-block-quote-is-layout-flow\">\n<p>L&rsquo;histoire d&rsquo;Amsterdam et Saint Paul d\u00e9bute bien avant les programmes scientifiques, logistique en h\u00e9licopt\u00e8re et les hivernants, le district a connu de nombreuses histoires, parfois tragiques.<\/p>\n<\/blockquote>\n\n\n\n<div class=\"wp-block-media-text is-stacked-on-mobile\" style=\"grid-template-columns:20% auto\"><figure class=\"wp-block-media-text__media\"><img loading=\"lazy\" decoding=\"async\" width=\"242\" height=\"241\" src=\"https:\/\/terre-de-crat\u00e8res.fr\/wp-content\/uploads\/2024\/11\/Elcano.jpg\" alt=\"l'espagnol Juan Sebastian Del Cano, d\u00e9couvre Amsterdam le 18 mars 1522\" class=\"wp-image-382 size-full\" srcset=\"https:\/\/terre-de-crat\u00e8res.fr\/wp-content\/uploads\/2024\/11\/Elcano.jpg 242w, https:\/\/terre-de-crat\u00e8res.fr\/wp-content\/uploads\/2024\/11\/Elcano-150x150.jpg 150w\" sizes=\"auto, (max-width: 242px) 100vw, 242px\" \/><\/figure><div class=\"wp-block-media-text__content\">\n<p><strong>18 mars 1522<\/strong> : l&rsquo;espagnol Juan Sebastian Del Cano, d\u00e9couvre Amsterdam lors de son voyage entre les \u00eeles de la Sonde et la ville du Cap en Afrique du Sud \u00e0 bord du \u00ab\u00a0Victoria\u00a0\u00bb.<br>Une \u00ab\u00a0\u00eele tr\u00e8s haute\u00a0\u00bb est rep\u00e9r\u00e9e \u00e0 37\u00b0 35&prime; de latitude sud. Plusieurs tentatives de d\u00e9barquement sont faites les 18 et 19 mars, en vain.<\/p>\n\n\n\n<blockquote class=\"wp-block-quote is-layout-flow wp-block-quote-is-layout-flow\">\n<p><em>Cette \u00eele semble inhabit\u00e9e, sans arbres, et pourrait avoir une circonf\u00e9rence d&rsquo;environ six lieues.<\/em><\/p>\n<\/blockquote>\n\n\n\n<p>Son nom figure toujours sur l&rsquo;\u00eele avec le refuge de Del Cano.<\/p>\n\n\n\n<p><\/p>\n<\/div><\/div>\n\n\n\n<p><\/p>\n\n\n\n<p><strong>Le 19 avril 1618<\/strong>, le navire hollandais Zeewolf, command\u00e9 par le capitaine Harwick Claesz van Hillegom et en route pour Bantam, d\u00e9couvre une \u00eele \u00e0 38\u00b0 40&prime; de latitude sud. Incapable d&rsquo;y d\u00e9barquer, le capitaine la nomme \u00ab\u00a0Zeewolf\u00a0\u00bb. Plus tard, Adriaan de Wale, commandant du Ter Tholen, adopte ce nom pour l&rsquo;\u00eele qui est aujourd&rsquo;hui connue sous le nom d&rsquo;Amsterdam. Malgr\u00e9 ces premi\u00e8res appellations, les noms \u00ab\u00a0Zeewolf\u00a0\u00bb et \u00ab\u00a0Ter Tholen\u00a0\u00bb ne seront pas retenus.<\/p>\n\n\n\n<p>Saint-Paul et Amsterdam sont mentionn\u00e9es dans les instructions nautiques hollandaises de l&rsquo;\u00e9poque. Bien que connues des navigateurs, leur localisation approximative conduit \u00e0 des confusions entre les deux \u00eeles. Le 29 juillet 1632, le navire Zuyphen, en route pour Batavia, confond l&rsquo;\u00eele la plus au nord avec Saint-Paul. Cette confusion persistera.<\/p>\n\n\n\n<div class=\"wp-block-media-text has-media-on-the-right is-stacked-on-mobile is-image-fill-element\" style=\"grid-template-columns:auto 20%\"><div class=\"wp-block-media-text__content\">\n<p class=\"has-text-align-left\"><strong>18 juin 1633<\/strong> : le gouverneur Anthony Van Diemen, en route pour les Indes n\u00e9erlandaises \u00e0 bord du <em>Nieuw Amsterdam<\/em>, passe entre les deux \u00eeles. Il attribue le nom de son navire \u00e0 l&rsquo;\u00eele la plus au nord et conserve le nom de Saint-Paul pour l&rsquo;\u00eele du sud. <br>L&rsquo;\u00eele sans nom devient l&rsquo;\u00eele de <strong>Nieuw Amsterdam<\/strong>. (Nouvelle-Amsterdam).<\/p>\n<\/div><figure class=\"wp-block-media-text__media\"><img loading=\"lazy\" decoding=\"async\" width=\"168\" height=\"300\" src=\"https:\/\/terre-de-crat\u00e8res.fr\/wp-content\/uploads\/2024\/11\/Antonio_van_Diemen-168x300.jpg\" alt=\"le gouverneur hollandais Van Diemen renomme l'\u00eele Nieuw Amsterdam \" class=\"wp-image-383 size-medium\" style=\"object-position:48% 23%\" srcset=\"https:\/\/terre-de-crat\u00e8res.fr\/wp-content\/uploads\/2024\/11\/Antonio_van_Diemen-168x300.jpg 168w, https:\/\/terre-de-crat\u00e8res.fr\/wp-content\/uploads\/2024\/11\/Antonio_van_Diemen-151x270.jpg 151w, https:\/\/terre-de-crat\u00e8res.fr\/wp-content\/uploads\/2024\/11\/Antonio_van_Diemen.jpg 265w\" sizes=\"auto, (max-width: 168px) 100vw, 168px\" \/><\/figure><\/div>\n\n\n\n<p class=\"has-text-align-left\"><\/p>\n\n\n\n<p><strong>Cent ans apr\u00e8s<\/strong>, Harwick Claesz de Hillegom, navigateurs hollandais d\u00e9couvre L&rsquo;\u00eele de Saint-Paul, il donna le nom de son navire \u00e0 l&rsquo;\u00eele : Zeewolf<\/p>\n\n\n\n<div class=\"wp-block-media-text is-stacked-on-mobile\" style=\"grid-template-columns:22% auto\"><figure class=\"wp-block-media-text__media\"><img loading=\"lazy\" decoding=\"async\" width=\"375\" height=\"455\" src=\"https:\/\/terre-de-crat\u00e8res.fr\/wp-content\/uploads\/2024\/11\/Encastreaux.jpg\" alt=\"l'Amiral d'Entrecasteaux effectue les premiers relev\u00e9s de la c\u00f4te orientale de la Nouvelle-Amsterdam en 1792\" class=\"wp-image-384 size-full\" srcset=\"https:\/\/terre-de-crat\u00e8res.fr\/wp-content\/uploads\/2024\/11\/Encastreaux.jpg 375w, https:\/\/terre-de-crat\u00e8res.fr\/wp-content\/uploads\/2024\/11\/Encastreaux-247x300.jpg 247w, https:\/\/terre-de-crat\u00e8res.fr\/wp-content\/uploads\/2024\/11\/Encastreaux-223x270.jpg 223w\" sizes=\"auto, (max-width: 375px) 100vw, 375px\" \/><\/figure><div class=\"wp-block-media-text__content\">\n<p><strong>28 mars 1792<\/strong> : l&rsquo;Amiral d&rsquo;Entrecasteaux et Huon de Kermadec effectuent les premiers relev\u00e9s de la c\u00f4te orientale de la Nouvelle-Amsterdam. Il d\u00e9crit l&rsquo;\u00eele d&rsquo;Amsterdam \u00ab\u00a0en feu\u00a0\u00bb. <br>Comme pour Del Cano, le nom d&rsquo;Entrecasteaux est toujours pr\u00e9sent sur l&rsquo;\u00eele puisqu&rsquo;il nomme les plus belles falaises des Terres Australes et Antarctiques Fran\u00e7aises ainsi que le refuge \u00e0 leur pieds.<\/p>\n<\/div><\/div>\n\n\n\n<p>Durant le <strong>18e et 19e<\/strong> si\u00e8cle, le district fut le th\u00e9\u00e2tre de la chasse \u00e0 l&rsquo;otarie, pour sa fourrure. <br>Des p\u00eacheurs de la R\u00e9union et naufrag\u00e9s ont foul\u00e9 le sol de ces \u00eeles.<\/p>\n\n\n\n<p>Les <strong>1 et 3 juillet 1843<\/strong>, le capitaine du navire L&rsquo;Olympe d\u00e9barque sur l&rsquo;\u00eele de la Nouvelle-Amsterdam puis sur Saint-Paul et tente l&rsquo;installation d&rsquo;une station de p\u00eache. La p\u00eacherie fut abandonn\u00e9e en 1853, le gouvernement Fran\u00e7ais <strong>refuse la possession de l&rsquo;archipel<\/strong>.<\/p>\n\n\n\n<p><\/p>\n\n\n\n<div class=\"wp-block-media-text has-media-on-the-right is-stacked-on-mobile\"><div class=\"wp-block-media-text__content\">\n<p><strong>1892 &#8211; 1893<\/strong> : Louis \u00c9douard Paul Lieutard commandant de l&rsquo;aviso \u00ab\u00a0L&rsquo;Eure\u00a0\u00bb prend possession des \u00eeles pour le compte du gouvernement Fran\u00e7ais.<\/p>\n\n\n\n<p><br><em>Illustration, le \u00ab\u00a0Vaucluse\u00a0\u00bb fr\u00e8re jumeau de l&rsquo;Eure.<\/em><\/p>\n<\/div><figure class=\"wp-block-media-text__media\"><img loading=\"lazy\" decoding=\"async\" width=\"420\" height=\"274\" src=\"https:\/\/terre-de-crat\u00e8res.fr\/wp-content\/uploads\/2024\/11\/420px-Le_Vaucluse_aviso_de_transport_de_1_600_tonneaux_dans_les_mers_du_Pacifique.jpg\" alt=\"\" class=\"wp-image-393 size-full\" srcset=\"https:\/\/terre-de-crat\u00e8res.fr\/wp-content\/uploads\/2024\/11\/420px-Le_Vaucluse_aviso_de_transport_de_1_600_tonneaux_dans_les_mers_du_Pacifique.jpg 420w, https:\/\/terre-de-crat\u00e8res.fr\/wp-content\/uploads\/2024\/11\/420px-Le_Vaucluse_aviso_de_transport_de_1_600_tonneaux_dans_les_mers_du_Pacifique-300x196.jpg 300w, https:\/\/terre-de-crat\u00e8res.fr\/wp-content\/uploads\/2024\/11\/420px-Le_Vaucluse_aviso_de_transport_de_1_600_tonneaux_dans_les_mers_du_Pacifique-414x270.jpg 414w\" sizes=\"auto, (max-width: 420px) 100vw, 420px\" \/><\/figure><\/div>\n\n\n\n<p><strong>18 d\u00e9cembre 1870<\/strong> : Mr Heurtin, paysan R\u00e9unionnais s&rsquo;installe sur l&rsquo;\u00eele avec sa famille pour y faire un \u00e9levage de bovins et d&rsquo;ovins. Sans succ\u00e8s, ils quittent l&rsquo;\u00eele le 19 ao\u00fbt 1871 laissant derri\u00e8re eux leurs troupeaux. Le dernier taureau fut abattu en 2010. Grosse probl\u00e9matique puisque les bovins vont d\u00e9cimer la quasi totalit\u00e9 du <em>phylica arborea<\/em>, petit arbuste pr\u00e9sent uniquement sur Amsterdam et Saint-Paul. <\/p>\n\n\n\n<p><\/p>\n\n\n\n<p><strong>31 d\u00e9cembre 1949<\/strong> : le Capitaine Verdalaine am\u00e8ne une \u00e9quipe de scientifique Fran\u00e7ais \u00e0 Amsterdam \u00e0 bord du Sapmer. L&rsquo;exp\u00e9dition est dirig\u00e9e par Paul Martin-de-Vivi\u00e8s, m\u00e9t\u00e9orologue. Les 23 membres de la mission quitterons l&rsquo;\u00eele huit mois plus tard apr\u00e8s y avoir install\u00e9 la premi\u00e8re base scientifique permanente des TAAF.<\/p>\n\n\n\n<figure class=\"wp-block-image size-large\"><img loading=\"lazy\" decoding=\"async\" width=\"1024\" height=\"744\" src=\"https:\/\/terre-de-crat\u00e8res.fr\/wp-content\/uploads\/2024\/11\/photo-retouchee-1024x744.jpg\" alt=\"\" class=\"wp-image-398\" srcset=\"https:\/\/terre-de-crat\u00e8res.fr\/wp-content\/uploads\/2024\/11\/photo-retouchee-1024x744.jpg 1024w, https:\/\/terre-de-crat\u00e8res.fr\/wp-content\/uploads\/2024\/11\/photo-retouchee-300x218.jpg 300w, https:\/\/terre-de-crat\u00e8res.fr\/wp-content\/uploads\/2024\/11\/photo-retouchee-768x558.jpg 768w, https:\/\/terre-de-crat\u00e8res.fr\/wp-content\/uploads\/2024\/11\/photo-retouchee-1536x1116.jpg 1536w\" sizes=\"auto, (max-width: 1024px) 100vw, 1024px\" \/><\/figure>\n\n\n\n<p class=\"has-text-align-center\">Ils sont les membres de la premi\u00e8re mission, depuis ce 31 d\u00e9cembre 1949 les hivernants se relayent chaque ann\u00e9e pour assurer la continuit\u00e9 des programmes scientifiques et maintenir la base op\u00e9rationnelle.<br><br><\/p>\n\n\n\n<blockquote class=\"wp-block-quote is-layout-flow wp-block-quote-is-layout-flow\">\n<p class=\"has-text-align-center\"><strong><mark style=\"background-color:rgba(0, 0, 0, 0)\" class=\"has-inline-color has-black-color\">Nous sommes le 09 novembre 2024, la 76\u00e8me mission d\u00e9bute. <\/mark><\/strong><\/p>\n\n\n\n<p class=\"has-text-align-center\"><strong>L&rsquo;histoire d&rsquo;Amsterdam Saint-Paul continue&#8230;<\/strong><\/p>\n<\/blockquote>\n","protected":false},"excerpt":{"rendered":"<p>La carte interactive L&rsquo;\u00eele d&rsquo;Amsterdam, anciennement Nouvelle-Amsterdam, est une \u00eele de 58km2 perdue au sud de l&rsquo;oc\u00e9an indien. L&rsquo;une des \u00eeles les plus isol\u00e9es du monde. C&rsquo;est une \u00eele volcanique qui abrite la base Martin-De-Vivi\u00e8s ou depuis 1949 s\u00e9journe campagnards d&rsquo;\u00e9t\u00e9 et hivernants. Les campagnards d&rsquo;\u00e9t\u00e9 ne restent que quelques mois durant l&rsquo;\u00e9t\u00e9 austral&#8230;<\/p>\n<p class=\"read-more\"><a class=\"btn btn-default\" href=\"https:\/\/terre-de-crat\u00e8res.fr\/?page_id=490\"> Read More<span class=\"screen-reader-text\">  Read More<\/span><\/a><\/p>\n","protected":false},"author":1,"featured_media":0,"parent":0,"menu_order":0,"comment_status":"closed","ping_status":"closed","template":"","meta":{"footnotes":""},"class_list":["post-490","page","type-page","status-publish","hentry"],"yoast_head":"<!-- This site is optimized with the Yoast SEO plugin v27.4 - https:\/\/yoast.com\/product\/yoast-seo-wordpress\/ -->\n<title>L&#039;\u00eele d&#039;Amsterdam - L&#039;histoire<\/title>\n<meta name=\"description\" content=\"L&#039;\u00eele d&#039;Amsterdam (Nouvelle-Amsterdam), est une \u00eele de 58km2 perdue au sud de l&#039;oc\u00e9an indien, l&#039;une des \u00eeles les plus isol\u00e9es du monde.\" \/>\n<meta name=\"robots\" content=\"index, follow, max-snippet:-1, max-image-preview:large, max-video-preview:-1\" \/>\n<link rel=\"canonical\" href=\"https:\/\/terre-de-crat\u00e8res.fr\/?page_id=490\" \/>\n<meta property=\"og:locale\" content=\"fr_FR\" \/>\n<meta property=\"og:type\" content=\"article\" \/>\n<meta property=\"og:title\" content=\"L&#039;\u00eele d&#039;Amsterdam - L&#039;histoire\" \/>\n<meta property=\"og:description\" content=\"L&#039;\u00eele d&#039;Amsterdam (Nouvelle-Amsterdam), est une \u00eele de 58km2 perdue au sud de l&#039;oc\u00e9an indien, l&#039;une des \u00eeles les plus isol\u00e9es du monde.\" \/>\n<meta property=\"og:url\" content=\"https:\/\/terre-de-crat\u00e8res.fr\/?page_id=490\" \/>\n<meta property=\"og:site_name\" content=\"AMSTERDAM\" \/>\n<meta property=\"article:modified_time\" content=\"2024-12-25T06:39:08+00:00\" \/>\n<meta property=\"og:image\" content=\"https:\/\/terre-de-crat\u00e8res.fr\/wp-content\/uploads\/2024\/11\/cropped-9E3A4267-scaled-1.jpg\" \/>\n\t<meta property=\"og:image:width\" content=\"1600\" \/>\n\t<meta property=\"og:image:height\" content=\"776\" \/>\n\t<meta property=\"og:image:type\" content=\"image\/jpeg\" \/>\n<meta name=\"twitter:card\" content=\"summary_large_image\" \/>\n<meta name=\"twitter:label1\" content=\"Dur\u00e9e de lecture estim\u00e9e\" \/>\n\t<meta name=\"twitter:data1\" content=\"6 minutes\" \/>\n<script type=\"application\/ld+json\" class=\"yoast-schema-graph\">{\"@context\":\"https:\\\/\\\/schema.org\",\"@graph\":[{\"@type\":\"WebPage\",\"@id\":\"https:\\\/\\\/terre-de-crat\u00e8res.fr\\\/?page_id=490\",\"url\":\"https:\\\/\\\/terre-de-crat\u00e8res.fr\\\/?page_id=490\",\"name\":\"L'\u00eele d'Amsterdam - L'histoire\",\"isPartOf\":{\"@id\":\"https:\\\/\\\/terre-de-crat\u00e8res.fr\\\/#website\"},\"datePublished\":\"2024-11-20T13:23:30+00:00\",\"dateModified\":\"2024-12-25T06:39:08+00:00\",\"description\":\"L'\u00eele d'Amsterdam (Nouvelle-Amsterdam), est une \u00eele de 58km2 perdue au sud de l'oc\u00e9an indien, l'une des \u00eeles les plus isol\u00e9es du monde.\",\"breadcrumb\":{\"@id\":\"https:\\\/\\\/terre-de-crat\u00e8res.fr\\\/?page_id=490#breadcrumb\"},\"inLanguage\":\"fr-FR\",\"potentialAction\":[{\"@type\":\"ReadAction\",\"target\":[\"https:\\\/\\\/terre-de-crat\u00e8res.fr\\\/?page_id=490\"]}]},{\"@type\":\"BreadcrumbList\",\"@id\":\"https:\\\/\\\/terre-de-crat\u00e8res.fr\\\/?page_id=490#breadcrumb\",\"itemListElement\":[{\"@type\":\"ListItem\",\"position\":1,\"name\":\"Accueil\",\"item\":\"https:\\\/\\\/terre-de-crat\u00e8res.fr\\\/\"},{\"@type\":\"ListItem\",\"position\":2,\"name\":\"L&rsquo;\u00eele d&rsquo;Amsterdam\"}]},{\"@type\":\"WebSite\",\"@id\":\"https:\\\/\\\/terre-de-crat\u00e8res.fr\\\/#website\",\"url\":\"https:\\\/\\\/terre-de-crat\u00e8res.fr\\\/\",\"name\":\"L'\u00eele d'Amsterdam\",\"description\":\"Les Hivernants de la 76\u00e8me mission racontent\",\"alternateName\":\"Amsterdam et Saint-Paul\",\"potentialAction\":[{\"@type\":\"SearchAction\",\"target\":{\"@type\":\"EntryPoint\",\"urlTemplate\":\"https:\\\/\\\/terre-de-crat\u00e8res.fr\\\/?s={search_term_string}\"},\"query-input\":{\"@type\":\"PropertyValueSpecification\",\"valueRequired\":true,\"valueName\":\"search_term_string\"}}],\"inLanguage\":\"fr-FR\"}]}<\/script>\n<!-- \/ Yoast SEO plugin. -->","yoast_head_json":{"title":"L'\u00eele d'Amsterdam - L'histoire","description":"L'\u00eele d'Amsterdam (Nouvelle-Amsterdam), est une \u00eele de 58km2 perdue au sud de l'oc\u00e9an indien, l'une des \u00eeles les plus isol\u00e9es du monde.","robots":{"index":"index","follow":"follow","max-snippet":"max-snippet:-1","max-image-preview":"max-image-preview:large","max-video-preview":"max-video-preview:-1"},"canonical":"https:\/\/terre-de-crat\u00e8res.fr\/?page_id=490","og_locale":"fr_FR","og_type":"article","og_title":"L'\u00eele d'Amsterdam - L'histoire","og_description":"L'\u00eele d'Amsterdam (Nouvelle-Amsterdam), est une \u00eele de 58km2 perdue au sud de l'oc\u00e9an indien, l'une des \u00eeles les plus isol\u00e9es du monde.","og_url":"https:\/\/terre-de-crat\u00e8res.fr\/?page_id=490","og_site_name":"AMSTERDAM","article_modified_time":"2024-12-25T06:39:08+00:00","og_image":[{"width":1600,"height":776,"url":"https:\/\/terre-de-crat\u00e8res.fr\/wp-content\/uploads\/2024\/11\/cropped-9E3A4267-scaled-1.jpg","type":"image\/jpeg"}],"twitter_card":"summary_large_image","twitter_misc":{"Dur\u00e9e de lecture estim\u00e9e":"6 minutes"},"schema":{"@context":"https:\/\/schema.org","@graph":[{"@type":"WebPage","@id":"https:\/\/terre-de-crat\u00e8res.fr\/?page_id=490","url":"https:\/\/terre-de-crat\u00e8res.fr\/?page_id=490","name":"L'\u00eele d'Amsterdam - L'histoire","isPartOf":{"@id":"https:\/\/terre-de-crat\u00e8res.fr\/#website"},"datePublished":"2024-11-20T13:23:30+00:00","dateModified":"2024-12-25T06:39:08+00:00","description":"L'\u00eele d'Amsterdam (Nouvelle-Amsterdam), est une \u00eele de 58km2 perdue au sud de l'oc\u00e9an indien, l'une des \u00eeles les plus isol\u00e9es du monde.","breadcrumb":{"@id":"https:\/\/terre-de-crat\u00e8res.fr\/?page_id=490#breadcrumb"},"inLanguage":"fr-FR","potentialAction":[{"@type":"ReadAction","target":["https:\/\/terre-de-crat\u00e8res.fr\/?page_id=490"]}]},{"@type":"BreadcrumbList","@id":"https:\/\/terre-de-crat\u00e8res.fr\/?page_id=490#breadcrumb","itemListElement":[{"@type":"ListItem","position":1,"name":"Accueil","item":"https:\/\/terre-de-crat\u00e8res.fr\/"},{"@type":"ListItem","position":2,"name":"L&rsquo;\u00eele d&rsquo;Amsterdam"}]},{"@type":"WebSite","@id":"https:\/\/terre-de-crat\u00e8res.fr\/#website","url":"https:\/\/terre-de-crat\u00e8res.fr\/","name":"L'\u00eele d'Amsterdam","description":"Les Hivernants de la 76\u00e8me mission racontent","alternateName":"Amsterdam et Saint-Paul","potentialAction":[{"@type":"SearchAction","target":{"@type":"EntryPoint","urlTemplate":"https:\/\/terre-de-crat\u00e8res.fr\/?s={search_term_string}"},"query-input":{"@type":"PropertyValueSpecification","valueRequired":true,"valueName":"search_term_string"}}],"inLanguage":"fr-FR"}]}},"_links":{"self":[{"href":"https:\/\/terre-de-crat\u00e8res.fr\/index.php?rest_route=\/wp\/v2\/pages\/490","targetHints":{"allow":["GET"]}}],"collection":[{"href":"https:\/\/terre-de-crat\u00e8res.fr\/index.php?rest_route=\/wp\/v2\/pages"}],"about":[{"href":"https:\/\/terre-de-crat\u00e8res.fr\/index.php?rest_route=\/wp\/v2\/types\/page"}],"author":[{"embeddable":true,"href":"https:\/\/terre-de-crat\u00e8res.fr\/index.php?rest_route=\/wp\/v2\/users\/1"}],"replies":[{"embeddable":true,"href":"https:\/\/terre-de-crat\u00e8res.fr\/index.php?rest_route=%2Fwp%2Fv2%2Fcomments&post=490"}],"version-history":[{"count":21,"href":"https:\/\/terre-de-crat\u00e8res.fr\/index.php?rest_route=\/wp\/v2\/pages\/490\/revisions"}],"predecessor-version":[{"id":1198,"href":"https:\/\/terre-de-crat\u00e8res.fr\/index.php?rest_route=\/wp\/v2\/pages\/490\/revisions\/1198"}],"wp:attachment":[{"href":"https:\/\/terre-de-crat\u00e8res.fr\/index.php?rest_route=%2Fwp%2Fv2%2Fmedia&parent=490"}],"curies":[{"name":"wp","href":"https:\/\/api.w.org\/{rel}","templated":true}]}}