{"id":66,"date":"2024-11-12T13:33:35","date_gmt":"2024-11-12T12:33:35","guid":{"rendered":"http:\/\/remi-a-amsterdam.fr\/?page_id=66"},"modified":"2024-11-20T04:28:37","modified_gmt":"2024-11-20T03:28:37","slug":"photos","status":"publish","type":"page","link":"https:\/\/terre-de-crat\u00e8res.fr\/?page_id=66","title":{"rendered":"Galerie Photos"},"content":{"rendered":"\n<h2 class=\"wp-block-heading\"><\/h2>\n\n\n\n<div class=\"wp-block-cover\" style=\"min-height:385px;aspect-ratio:unset;\"><span aria-hidden=\"true\" class=\"wp-block-cover__background has-background-dim\"><\/span><img loading=\"lazy\" decoding=\"async\" width=\"1024\" height=\"576\" class=\"wp-block-cover__image-background wp-image-144\" alt=\"\" src=\"https:\/\/terre-de-crat\u00e8res.fr\/wp-content\/uploads\/2024\/11\/Ile-Saint-Paul-1024x576.jpg\" data-object-fit=\"cover\" srcset=\"https:\/\/terre-de-crat\u00e8res.fr\/wp-content\/uploads\/2024\/11\/Ile-Saint-Paul-1024x576.jpg 1024w, https:\/\/terre-de-crat\u00e8res.fr\/wp-content\/uploads\/2024\/11\/Ile-Saint-Paul-300x169.jpg 300w, https:\/\/terre-de-crat\u00e8res.fr\/wp-content\/uploads\/2024\/11\/Ile-Saint-Paul-768x432.jpg 768w, https:\/\/terre-de-crat\u00e8res.fr\/wp-content\/uploads\/2024\/11\/Ile-Saint-Paul-480x270.jpg 480w, https:\/\/terre-de-crat\u00e8res.fr\/wp-content\/uploads\/2024\/11\/Ile-Saint-Paul-850x478.jpg 850w, https:\/\/terre-de-crat\u00e8res.fr\/wp-content\/uploads\/2024\/11\/Ile-Saint-Paul.jpg 1067w\" sizes=\"auto, (max-width: 1024px) 100vw, 1024px\" \/><div class=\"wp-block-cover__inner-container is-layout-flow wp-block-cover-is-layout-flow\">\n<p class=\"has-text-align-center has-white-color has-text-color has-link-color has-large-font-size wp-elements-c6449830c30dc83909ee52d1ad0aa570\"><a href=\"https:\/\/terre-de-crat\u00e8res.fr\/?page_id=124\">Galerie Photos &#8211; Saint Paul<\/a><\/p>\n<\/div><\/div>\n\n\n\n<hr class=\"wp-block-separator has-alpha-channel-opacity\"\/>\n\n\n\n<div class=\"wp-block-cover\"><span aria-hidden=\"true\" class=\"wp-block-cover__background has-background-dim\"><\/span><img loading=\"lazy\" decoding=\"async\" width=\"1024\" height=\"683\" class=\"wp-block-cover__image-background wp-image-84\" alt=\"\" src=\"https:\/\/terre-de-crat\u00e8res.fr\/wp-content\/uploads\/2024\/11\/CROZET-Falaises-du-Lieutard_resized-1024x683.jpg\" data-object-fit=\"cover\" srcset=\"https:\/\/terre-de-crat\u00e8res.fr\/wp-content\/uploads\/2024\/11\/CROZET-Falaises-du-Lieutard_resized-1024x683.jpg 1024w, https:\/\/terre-de-crat\u00e8res.fr\/wp-content\/uploads\/2024\/11\/CROZET-Falaises-du-Lieutard_resized-300x200.jpg 300w, https:\/\/terre-de-crat\u00e8res.fr\/wp-content\/uploads\/2024\/11\/CROZET-Falaises-du-Lieutard_resized-768x512.jpg 768w, https:\/\/terre-de-crat\u00e8res.fr\/wp-content\/uploads\/2024\/11\/CROZET-Falaises-du-Lieutard_resized-405x270.jpg 405w, https:\/\/terre-de-crat\u00e8res.fr\/wp-content\/uploads\/2024\/11\/CROZET-Falaises-du-Lieutard_resized.jpg 1199w\" sizes=\"auto, (max-width: 1024px) 100vw, 1024px\" \/><div class=\"wp-block-cover__inner-container is-layout-flow wp-block-cover-is-layout-flow\">\n<p class=\"has-text-align-center has-white-color has-text-color has-link-color has-large-font-size wp-elements-3ca4006b1727597780ff8662a4496c36\"><a href=\"https:\/\/terre-de-crat\u00e8res.fr\/?page_id=104\">Galerie photos &#8211; Archipel de Crozet<\/a><\/p>\n<\/div><\/div>\n\n\n\n<hr class=\"wp-block-separator has-alpha-channel-opacity\"\/>\n\n\n\n<div class=\"wp-block-cover\"><span aria-hidden=\"true\" class=\"wp-block-cover__background has-background-dim\"><\/span><img loading=\"lazy\" decoding=\"async\" width=\"899\" height=\"600\" class=\"wp-block-cover__image-background wp-image-101\" alt=\"\" src=\"https:\/\/terre-de-crat\u00e8res.fr\/wp-content\/uploads\/2024\/11\/Refuge-Port-Elisabeth-Kerguelen_resized.jpg\" data-object-fit=\"cover\" srcset=\"https:\/\/terre-de-crat\u00e8res.fr\/wp-content\/uploads\/2024\/11\/Refuge-Port-Elisabeth-Kerguelen_resized.jpg 899w, https:\/\/terre-de-crat\u00e8res.fr\/wp-content\/uploads\/2024\/11\/Refuge-Port-Elisabeth-Kerguelen_resized-300x200.jpg 300w, https:\/\/terre-de-crat\u00e8res.fr\/wp-content\/uploads\/2024\/11\/Refuge-Port-Elisabeth-Kerguelen_resized-768x513.jpg 768w, https:\/\/terre-de-crat\u00e8res.fr\/wp-content\/uploads\/2024\/11\/Refuge-Port-Elisabeth-Kerguelen_resized-405x270.jpg 405w\" sizes=\"auto, (max-width: 899px) 100vw, 899px\" \/><div class=\"wp-block-cover__inner-container is-layout-flow wp-block-cover-is-layout-flow\">\n<p class=\"has-text-align-center has-white-color has-text-color has-link-color has-large-font-size wp-elements-9dd821899653a0aac74a608e2d3b38c6\"><a href=\"https:\/\/terre-de-crat\u00e8res.fr\/?page_id=98\">Galerie photos &#8211; Archipel des Kerguelen<\/a><\/p>\n<\/div><\/div>\n\n\n\n<hr class=\"wp-block-separator has-alpha-channel-opacity\"\/>\n\n\n\n<div class=\"wp-block-cover\"><span aria-hidden=\"true\" class=\"wp-block-cover__background has-background-dim\"><\/span><img loading=\"lazy\" decoding=\"async\" width=\"1024\" height=\"614\" class=\"wp-block-cover__image-background wp-image-275\" alt=\"\" src=\"https:\/\/terre-de-crat\u00e8res.fr\/wp-content\/uploads\/2024\/11\/marion-1024x614.jpg\" data-object-fit=\"cover\" srcset=\"https:\/\/terre-de-crat\u00e8res.fr\/wp-content\/uploads\/2024\/11\/marion-1024x614.jpg 1024w, https:\/\/terre-de-crat\u00e8res.fr\/wp-content\/uploads\/2024\/11\/marion-300x180.jpg 300w, https:\/\/terre-de-crat\u00e8res.fr\/wp-content\/uploads\/2024\/11\/marion-768x460.jpg 768w, https:\/\/terre-de-crat\u00e8res.fr\/wp-content\/uploads\/2024\/11\/marion-1536x921.jpg 1536w, https:\/\/terre-de-crat\u00e8res.fr\/wp-content\/uploads\/2024\/11\/marion-2048x1228.jpg 2048w, https:\/\/terre-de-crat\u00e8res.fr\/wp-content\/uploads\/2024\/11\/marion-450x270.jpg 450w, https:\/\/terre-de-crat\u00e8res.fr\/wp-content\/uploads\/2024\/11\/marion-850x510.jpg 850w, https:\/\/terre-de-crat\u00e8res.fr\/wp-content\/uploads\/2024\/11\/marion-scaled-1000x600.jpg 1000w, https:\/\/terre-de-crat\u00e8res.fr\/wp-content\/uploads\/2024\/11\/marion-scaled-620x372.jpg 620w, https:\/\/terre-de-crat\u00e8res.fr\/wp-content\/uploads\/2024\/11\/marion-scaled-400x240.jpg 400w\" sizes=\"auto, (max-width: 1024px) 100vw, 1024px\" \/><div class=\"wp-block-cover__inner-container is-layout-flow wp-block-cover-is-layout-flow\">\n<p class=\"has-text-align-center has-white-color has-text-color has-link-color has-large-font-size wp-elements-04b199db512d2015cac5b0f1dac1f16f\"><a href=\"https:\/\/xn--terre-de-cratres-5pb.fr\/?page_id=266\">Galerie photos &#8211; Marion Dufresne<\/a><\/p>\n<\/div><\/div>\n","protected":false},"excerpt":{"rendered":"","protected":false},"author":1,"featured_media":0,"parent":0,"menu_order":0,"comment_status":"closed","ping_status":"closed","template":"","meta":{"footnotes":""},"class_list":["post-66","page","type-page","status-publish","hentry"],"yoast_head":"<!-- This site is optimized with the Yoast SEO plugin v27.4 - https:\/\/yoast.com\/product\/yoast-seo-wordpress\/ -->\n<title>Galerie Photos - Les hivernants d&#039;Amsterdam<\/title>\n<meta name=\"description\" content=\"Galeries des photos notre Hivernage de la 76\u00e8me mission (2024) \u00e0 Amsterdam Saint-Paul. De notre passage \u00e0 Crozet et Kerguelen.\" \/>\n<meta name=\"robots\" content=\"index, follow, max-snippet:-1, max-image-preview:large, max-video-preview:-1\" \/>\n<link rel=\"canonical\" href=\"https:\/\/terre-de-crat\u00e8res.fr\/?page_id=66\" \/>\n<meta property=\"og:locale\" content=\"fr_FR\" \/>\n<meta property=\"og:type\" content=\"article\" \/>\n<meta property=\"og:title\" content=\"Galerie Photos - Les hivernants d&#039;Amsterdam\" \/>\n<meta property=\"og:description\" content=\"Galeries des photos notre Hivernage de la 76\u00e8me mission (2024) \u00e0 Amsterdam Saint-Paul. De notre passage \u00e0 Crozet et Kerguelen.\" \/>\n<meta property=\"og:url\" content=\"https:\/\/terre-de-crat\u00e8res.fr\/?page_id=66\" \/>\n<meta property=\"og:site_name\" content=\"AMSTERDAM\" \/>\n<meta property=\"article:modified_time\" content=\"2024-11-20T03:28:37+00:00\" \/>\n<meta property=\"og:image\" content=\"https:\/\/terre-de-crat\u00e8res.fr\/wp-content\/uploads\/2024\/11\/cropped-9E3A4267-scaled-1.jpg\" \/>\n\t<meta property=\"og:image:width\" content=\"1600\" \/>\n\t<meta property=\"og:image:height\" content=\"776\" \/>\n\t<meta property=\"og:image:type\" content=\"image\/jpeg\" \/>\n<meta name=\"twitter:card\" content=\"summary_large_image\" \/>\n<meta name=\"twitter:label1\" content=\"Dur\u00e9e de lecture estim\u00e9e\" \/>\n\t<meta name=\"twitter:data1\" content=\"1 minute\" \/>\n<script type=\"application\/ld+json\" class=\"yoast-schema-graph\">{\"@context\":\"https:\\\/\\\/schema.org\",\"@graph\":[{\"@type\":\"WebPage\",\"@id\":\"https:\\\/\\\/terre-de-crat\u00e8res.fr\\\/?page_id=66\",\"url\":\"https:\\\/\\\/terre-de-crat\u00e8res.fr\\\/?page_id=66\",\"name\":\"Galerie Photos - Les hivernants d'Amsterdam\",\"isPartOf\":{\"@id\":\"https:\\\/\\\/terre-de-crat\u00e8res.fr\\\/#website\"},\"datePublished\":\"2024-11-12T12:33:35+00:00\",\"dateModified\":\"2024-11-20T03:28:37+00:00\",\"description\":\"Galeries des photos notre Hivernage de la 76\u00e8me mission (2024) \u00e0 Amsterdam Saint-Paul. De notre passage \u00e0 Crozet et Kerguelen.\",\"breadcrumb\":{\"@id\":\"https:\\\/\\\/terre-de-crat\u00e8res.fr\\\/?page_id=66#breadcrumb\"},\"inLanguage\":\"fr-FR\",\"potentialAction\":[{\"@type\":\"ReadAction\",\"target\":[\"https:\\\/\\\/terre-de-crat\u00e8res.fr\\\/?page_id=66\"]}]},{\"@type\":\"BreadcrumbList\",\"@id\":\"https:\\\/\\\/terre-de-crat\u00e8res.fr\\\/?page_id=66#breadcrumb\",\"itemListElement\":[{\"@type\":\"ListItem\",\"position\":1,\"name\":\"Accueil\",\"item\":\"https:\\\/\\\/terre-de-crat\u00e8res.fr\\\/\"},{\"@type\":\"ListItem\",\"position\":2,\"name\":\"Galerie Photos\"}]},{\"@type\":\"WebSite\",\"@id\":\"https:\\\/\\\/terre-de-crat\u00e8res.fr\\\/#website\",\"url\":\"https:\\\/\\\/terre-de-crat\u00e8res.fr\\\/\",\"name\":\"L'\u00eele d'Amsterdam\",\"description\":\"Les Hivernants de la 76\u00e8me mission racontent\",\"alternateName\":\"Amsterdam et Saint-Paul\",\"potentialAction\":[{\"@type\":\"SearchAction\",\"target\":{\"@type\":\"EntryPoint\",\"urlTemplate\":\"https:\\\/\\\/terre-de-crat\u00e8res.fr\\\/?s={search_term_string}\"},\"query-input\":{\"@type\":\"PropertyValueSpecification\",\"valueRequired\":true,\"valueName\":\"search_term_string\"}}],\"inLanguage\":\"fr-FR\"}]}<\/script>\n<!-- \/ Yoast SEO plugin. -->","yoast_head_json":{"title":"Galerie Photos - Les hivernants d'Amsterdam","description":"Galeries des photos notre Hivernage de la 76\u00e8me mission (2024) \u00e0 Amsterdam Saint-Paul. De notre passage \u00e0 Crozet et Kerguelen.","robots":{"index":"index","follow":"follow","max-snippet":"max-snippet:-1","max-image-preview":"max-image-preview:large","max-video-preview":"max-video-preview:-1"},"canonical":"https:\/\/terre-de-crat\u00e8res.fr\/?page_id=66","og_locale":"fr_FR","og_type":"article","og_title":"Galerie Photos - Les hivernants d'Amsterdam","og_description":"Galeries des photos notre Hivernage de la 76\u00e8me mission (2024) \u00e0 Amsterdam Saint-Paul. De notre passage \u00e0 Crozet et Kerguelen.","og_url":"https:\/\/terre-de-crat\u00e8res.fr\/?page_id=66","og_site_name":"AMSTERDAM","article_modified_time":"2024-11-20T03:28:37+00:00","og_image":[{"width":1600,"height":776,"url":"https:\/\/terre-de-crat\u00e8res.fr\/wp-content\/uploads\/2024\/11\/cropped-9E3A4267-scaled-1.jpg","type":"image\/jpeg"}],"twitter_card":"summary_large_image","twitter_misc":{"Dur\u00e9e de lecture estim\u00e9e":"1 minute"},"schema":{"@context":"https:\/\/schema.org","@graph":[{"@type":"WebPage","@id":"https:\/\/terre-de-crat\u00e8res.fr\/?page_id=66","url":"https:\/\/terre-de-crat\u00e8res.fr\/?page_id=66","name":"Galerie Photos - Les hivernants d'Amsterdam","isPartOf":{"@id":"https:\/\/terre-de-crat\u00e8res.fr\/#website"},"datePublished":"2024-11-12T12:33:35+00:00","dateModified":"2024-11-20T03:28:37+00:00","description":"Galeries des photos notre Hivernage de la 76\u00e8me mission (2024) \u00e0 Amsterdam Saint-Paul. De notre passage \u00e0 Crozet et Kerguelen.","breadcrumb":{"@id":"https:\/\/terre-de-crat\u00e8res.fr\/?page_id=66#breadcrumb"},"inLanguage":"fr-FR","potentialAction":[{"@type":"ReadAction","target":["https:\/\/terre-de-crat\u00e8res.fr\/?page_id=66"]}]},{"@type":"BreadcrumbList","@id":"https:\/\/terre-de-crat\u00e8res.fr\/?page_id=66#breadcrumb","itemListElement":[{"@type":"ListItem","position":1,"name":"Accueil","item":"https:\/\/terre-de-crat\u00e8res.fr\/"},{"@type":"ListItem","position":2,"name":"Galerie Photos"}]},{"@type":"WebSite","@id":"https:\/\/terre-de-crat\u00e8res.fr\/#website","url":"https:\/\/terre-de-crat\u00e8res.fr\/","name":"L'\u00eele d'Amsterdam","description":"Les Hivernants de la 76\u00e8me mission racontent","alternateName":"Amsterdam et Saint-Paul","potentialAction":[{"@type":"SearchAction","target":{"@type":"EntryPoint","urlTemplate":"https:\/\/terre-de-crat\u00e8res.fr\/?s={search_term_string}"},"query-input":{"@type":"PropertyValueSpecification","valueRequired":true,"valueName":"search_term_string"}}],"inLanguage":"fr-FR"}]}},"_links":{"self":[{"href":"https:\/\/terre-de-crat\u00e8res.fr\/index.php?rest_route=\/wp\/v2\/pages\/66","targetHints":{"allow":["GET"]}}],"collection":[{"href":"https:\/\/terre-de-crat\u00e8res.fr\/index.php?rest_route=\/wp\/v2\/pages"}],"about":[{"href":"https:\/\/terre-de-crat\u00e8res.fr\/index.php?rest_route=\/wp\/v2\/types\/page"}],"author":[{"embeddable":true,"href":"https:\/\/terre-de-crat\u00e8res.fr\/index.php?rest_route=\/wp\/v2\/users\/1"}],"replies":[{"embeddable":true,"href":"https:\/\/terre-de-crat\u00e8res.fr\/index.php?rest_route=%2Fwp%2Fv2%2Fcomments&post=66"}],"version-history":[{"count":24,"href":"https:\/\/terre-de-crat\u00e8res.fr\/index.php?rest_route=\/wp\/v2\/pages\/66\/revisions"}],"predecessor-version":[{"id":282,"href":"https:\/\/terre-de-crat\u00e8res.fr\/index.php?rest_route=\/wp\/v2\/pages\/66\/revisions\/282"}],"wp:attachment":[{"href":"https:\/\/terre-de-crat\u00e8res.fr\/index.php?rest_route=%2Fwp%2Fv2%2Fmedia&parent=66"}],"curies":[{"name":"wp","href":"https:\/\/api.w.org\/{rel}","templated":true}]}}