{"id":711,"date":"2024-11-28T18:42:40","date_gmt":"2024-11-28T17:42:40","guid":{"rendered":"https:\/\/terre-de-crat\u00e8res.fr\/?page_id=711"},"modified":"2025-07-28T15:33:11","modified_gmt":"2025-07-28T13:33:11","slug":"les-articles-des-hivernants","status":"publish","type":"page","link":"https:\/\/terre-de-crat\u00e8res.fr\/?page_id=711","title":{"rendered":"Les articles"},"content":{"rendered":"\n<h2 class=\"wp-block-heading\">Les cat\u00e9gories d&rsquo;articles : <\/h2>\n\n\n<ul class=\"wp-block-categories-list wp-block-categories\">\t<li class=\"cat-item cat-item-4\"><a href=\"https:\/\/terre-de-crat\u00e8res.fr\/?cat=4\">Gestion de la base<\/a> (2)\n<\/li>\n\t<li class=\"cat-item cat-item-5\"><a href=\"https:\/\/terre-de-crat\u00e8res.fr\/?cat=5\">Les refuges<\/a> (2)\n<\/li>\n\t<li class=\"cat-item cat-item-1\"><a href=\"https:\/\/terre-de-crat\u00e8res.fr\/?cat=1\">Non class\u00e9<\/a> (1)\n<\/li>\n\t<li class=\"cat-item cat-item-10\"><a href=\"https:\/\/terre-de-crat\u00e8res.fr\/?cat=10\">Vie sur base<\/a> (1)\n<\/li>\n<\/ul>\n\n\n<h2 class=\"wp-block-heading\">Les derniers : <\/h2>\n\n\n<ul class=\"wp-block-latest-posts__list is-grid columns-3 has-dates has-author alignleft wp-block-latest-posts\"><li><div class=\"wp-block-latest-posts__featured-image alignleft\"><img loading=\"lazy\" decoding=\"async\" width=\"300\" height=\"169\" src=\"https:\/\/terre-de-crat\u00e8res.fr\/wp-content\/uploads\/2025\/07\/1753873809709-300x169.jpg\" class=\"attachment-medium size-medium wp-post-image\" alt=\"Incendie sur l&#039;\u00eele Amsterdam\" style=\"\" srcset=\"https:\/\/terre-de-crat\u00e8res.fr\/wp-content\/uploads\/2025\/07\/1753873809709-300x169.jpg 300w, https:\/\/terre-de-crat\u00e8res.fr\/wp-content\/uploads\/2025\/07\/1753873809709-1024x576.jpg 1024w, https:\/\/terre-de-crat\u00e8res.fr\/wp-content\/uploads\/2025\/07\/1753873809709-768x432.jpg 768w, https:\/\/terre-de-crat\u00e8res.fr\/wp-content\/uploads\/2025\/07\/1753873809709-1536x864.jpg 1536w, https:\/\/terre-de-crat\u00e8res.fr\/wp-content\/uploads\/2025\/07\/1753873809709-2048x1152.jpg 2048w, https:\/\/terre-de-crat\u00e8res.fr\/wp-content\/uploads\/2025\/07\/1753873809709-480x270.jpg 480w, https:\/\/terre-de-crat\u00e8res.fr\/wp-content\/uploads\/2025\/07\/1753873809709-850x478.jpg 850w\" sizes=\"auto, (max-width: 300px) 100vw, 300px\" \/><\/div><a class=\"wp-block-latest-posts__post-title\" href=\"https:\/\/terre-de-crat\u00e8res.fr\/?p=1264\">L&rsquo;incendie de l&rsquo;\u00eele Amsterdam<\/a><div class=\"wp-block-latest-posts__post-author\">par R\u00e9mi<\/div><time datetime=\"2025-08-15T16:34:31+02:00\" class=\"wp-block-latest-posts__post-date\">15 ao\u00fbt 2025<\/time><\/li>\n<li><div class=\"wp-block-latest-posts__featured-image alignleft\"><img loading=\"lazy\" decoding=\"async\" width=\"300\" height=\"200\" src=\"https:\/\/terre-de-crat\u00e8res.fr\/wp-content\/uploads\/2024\/12\/A7R2449-300x200.jpg\" class=\"attachment-medium size-medium wp-post-image\" alt=\"Table de no\u00ebl \u00e0 Amsterdam\" style=\"\" srcset=\"https:\/\/terre-de-crat\u00e8res.fr\/wp-content\/uploads\/2024\/12\/A7R2449-300x200.jpg 300w, https:\/\/terre-de-crat\u00e8res.fr\/wp-content\/uploads\/2024\/12\/A7R2449-1024x683.jpg 1024w, https:\/\/terre-de-crat\u00e8res.fr\/wp-content\/uploads\/2024\/12\/A7R2449-768x512.jpg 768w, https:\/\/terre-de-crat\u00e8res.fr\/wp-content\/uploads\/2024\/12\/A7R2449-1536x1025.jpg 1536w, https:\/\/terre-de-crat\u00e8res.fr\/wp-content\/uploads\/2024\/12\/A7R2449-405x270.jpg 405w, https:\/\/terre-de-crat\u00e8res.fr\/wp-content\/uploads\/2024\/12\/A7R2449-850x567.jpg 850w, https:\/\/terre-de-crat\u00e8res.fr\/wp-content\/uploads\/2024\/12\/A7R2449.jpg 2048w\" sizes=\"auto, (max-width: 300px) 100vw, 300px\" \/><\/div><a class=\"wp-block-latest-posts__post-title\" href=\"https:\/\/terre-de-crat\u00e8res.fr\/?p=1227\">No\u00ebl sur l&rsquo;\u00eele Amsterdam<\/a><div class=\"wp-block-latest-posts__post-author\">par R\u00e9mi<\/div><time datetime=\"2024-12-29T06:36:33+01:00\" class=\"wp-block-latest-posts__post-date\">29 d\u00e9cembre 2024<\/time><\/li>\n<li><div class=\"wp-block-latest-posts__featured-image alignleft\"><img loading=\"lazy\" decoding=\"async\" width=\"300\" height=\"200\" src=\"https:\/\/terre-de-crat\u00e8res.fr\/wp-content\/uploads\/2024\/12\/A7R1109_resized-1-300x200.jpg\" class=\"attachment-medium size-medium wp-post-image\" alt=\"L&#039;h\u00e9licopt\u00e8re qui se pose pour r\u00e9cup\u00e9rer les hivernants partants\" style=\"\" srcset=\"https:\/\/terre-de-crat\u00e8res.fr\/wp-content\/uploads\/2024\/12\/A7R1109_resized-1-300x200.jpg 300w, https:\/\/terre-de-crat\u00e8res.fr\/wp-content\/uploads\/2024\/12\/A7R1109_resized-1-1024x683.jpg 1024w, https:\/\/terre-de-crat\u00e8res.fr\/wp-content\/uploads\/2024\/12\/A7R1109_resized-1-768x512.jpg 768w, https:\/\/terre-de-crat\u00e8res.fr\/wp-content\/uploads\/2024\/12\/A7R1109_resized-1-1536x1024.jpg 1536w, https:\/\/terre-de-crat\u00e8res.fr\/wp-content\/uploads\/2024\/12\/A7R1109_resized-1-2048x1366.jpg 2048w, https:\/\/terre-de-crat\u00e8res.fr\/wp-content\/uploads\/2024\/12\/A7R1109_resized-1-405x270.jpg 405w, https:\/\/terre-de-crat\u00e8res.fr\/wp-content\/uploads\/2024\/12\/A7R1109_resized-1-850x567.jpg 850w\" sizes=\"auto, (max-width: 300px) 100vw, 300px\" \/><\/div><a class=\"wp-block-latest-posts__post-title\" href=\"https:\/\/terre-de-crat\u00e8res.fr\/?p=941\">Les op\u00e9rations portuaires<\/a><div class=\"wp-block-latest-posts__post-author\">par R\u00e9mi<\/div><time datetime=\"2024-12-25T07:27:15+01:00\" class=\"wp-block-latest-posts__post-date\">25 d\u00e9cembre 2024<\/time><\/li>\n<li><div class=\"wp-block-latest-posts__featured-image alignleft\"><img loading=\"lazy\" decoding=\"async\" width=\"300\" height=\"200\" src=\"https:\/\/terre-de-crat\u00e8res.fr\/wp-content\/uploads\/2024\/12\/IMG-20241126-WA0050-300x200.jpg\" class=\"attachment-medium size-medium wp-post-image\" alt=\"Refuge de Del Cano\" style=\"\" srcset=\"https:\/\/terre-de-crat\u00e8res.fr\/wp-content\/uploads\/2024\/12\/IMG-20241126-WA0050-300x200.jpg 300w, https:\/\/terre-de-crat\u00e8res.fr\/wp-content\/uploads\/2024\/12\/IMG-20241126-WA0050-1024x683.jpg 1024w, https:\/\/terre-de-crat\u00e8res.fr\/wp-content\/uploads\/2024\/12\/IMG-20241126-WA0050-768x512.jpg 768w, https:\/\/terre-de-crat\u00e8res.fr\/wp-content\/uploads\/2024\/12\/IMG-20241126-WA0050-1536x1024.jpg 1536w, https:\/\/terre-de-crat\u00e8res.fr\/wp-content\/uploads\/2024\/12\/IMG-20241126-WA0050-405x270.jpg 405w, https:\/\/terre-de-crat\u00e8res.fr\/wp-content\/uploads\/2024\/12\/IMG-20241126-WA0050-850x567.jpg 850w, https:\/\/terre-de-crat\u00e8res.fr\/wp-content\/uploads\/2024\/12\/IMG-20241126-WA0050.jpg 1600w\" sizes=\"auto, (max-width: 300px) 100vw, 300px\" \/><\/div><a class=\"wp-block-latest-posts__post-title\" href=\"https:\/\/terre-de-crat\u00e8res.fr\/?p=944\">Les refuges d&rsquo;Amsterdam<\/a><div class=\"wp-block-latest-posts__post-author\">par R\u00e9mi<\/div><time datetime=\"2024-12-24T07:54:03+01:00\" class=\"wp-block-latest-posts__post-date\">24 d\u00e9cembre 2024<\/time><\/li>\n<li><div class=\"wp-block-latest-posts__featured-image alignleft\"><img loading=\"lazy\" decoding=\"async\" width=\"169\" height=\"300\" src=\"https:\/\/terre-de-crat\u00e8res.fr\/wp-content\/uploads\/2024\/12\/IMG_20241111_111029-edited-169x300.jpg\" class=\"attachment-medium size-medium wp-post-image\" alt=\"refuges Entrecasteaux\" style=\"\" srcset=\"https:\/\/terre-de-crat\u00e8res.fr\/wp-content\/uploads\/2024\/12\/IMG_20241111_111029-edited-169x300.jpg 169w, https:\/\/terre-de-crat\u00e8res.fr\/wp-content\/uploads\/2024\/12\/IMG_20241111_111029-edited-576x1024.jpg 576w, https:\/\/terre-de-crat\u00e8res.fr\/wp-content\/uploads\/2024\/12\/IMG_20241111_111029-edited-768x1366.jpg 768w, https:\/\/terre-de-crat\u00e8res.fr\/wp-content\/uploads\/2024\/12\/IMG_20241111_111029-edited-864x1536.jpg 864w, https:\/\/terre-de-crat\u00e8res.fr\/wp-content\/uploads\/2024\/12\/IMG_20241111_111029-edited-1152x2048.jpg 1152w, https:\/\/terre-de-crat\u00e8res.fr\/wp-content\/uploads\/2024\/12\/IMG_20241111_111029-edited-152x270.jpg 152w, https:\/\/terre-de-crat\u00e8res.fr\/wp-content\/uploads\/2024\/12\/IMG_20241111_111029-edited-562x999.jpg 562w, https:\/\/terre-de-crat\u00e8res.fr\/wp-content\/uploads\/2024\/12\/IMG_20241111_111029-edited-scaled.jpg 1440w\" sizes=\"auto, (max-width: 169px) 100vw, 169px\" \/><\/div><a class=\"wp-block-latest-posts__post-title\" href=\"https:\/\/terre-de-crat\u00e8res.fr\/?p=766\">La logistique des refuges<\/a><div class=\"wp-block-latest-posts__post-author\">par R\u00e9mi<\/div><time datetime=\"2024-12-05T13:28:33+01:00\" class=\"wp-block-latest-posts__post-date\">5 d\u00e9cembre 2024<\/time><\/li>\n<\/ul>\n\n\n<p><\/p>\n","protected":false},"excerpt":{"rendered":"<p>Les cat\u00e9gories d&rsquo;articles : Les derniers :<\/p>\n","protected":false},"author":1,"featured_media":0,"parent":0,"menu_order":0,"comment_status":"closed","ping_status":"closed","template":"","meta":{"footnotes":""},"class_list":["post-711","page","type-page","status-publish","hentry"],"yoast_head":"<!-- This site is optimized with the Yoast SEO plugin v27.4 - https:\/\/yoast.com\/product\/yoast-seo-wordpress\/ -->\n<title>Les articles - AMSTERDAM<\/title>\n<meta name=\"description\" content=\"Les articles des hivernants racontent leurs vie sur la base Martin-de-Vivi\u00e8s et leur exp\u00e9riences, travaux, loisirs et vie en communaut\u00e9.\" \/>\n<meta name=\"robots\" content=\"index, follow, max-snippet:-1, max-image-preview:large, max-video-preview:-1\" \/>\n<link rel=\"canonical\" href=\"https:\/\/terre-de-crat\u00e8res.fr\/?page_id=711\" \/>\n<meta property=\"og:locale\" content=\"fr_FR\" \/>\n<meta property=\"og:type\" content=\"article\" \/>\n<meta property=\"og:title\" content=\"Les articles - AMSTERDAM\" \/>\n<meta property=\"og:description\" content=\"Les articles des hivernants racontent leurs vie sur la base Martin-de-Vivi\u00e8s et leur exp\u00e9riences, travaux, loisirs et vie en communaut\u00e9.\" \/>\n<meta property=\"og:url\" content=\"https:\/\/terre-de-crat\u00e8res.fr\/?page_id=711\" \/>\n<meta property=\"og:site_name\" content=\"AMSTERDAM\" \/>\n<meta property=\"article:modified_time\" content=\"2025-07-28T13:33:11+00:00\" \/>\n<meta property=\"og:image\" content=\"https:\/\/terre-de-crat\u00e8res.fr\/wp-content\/uploads\/2024\/11\/cropped-9E3A4267-scaled-1.jpg\" \/>\n\t<meta property=\"og:image:width\" content=\"1600\" \/>\n\t<meta property=\"og:image:height\" content=\"776\" \/>\n\t<meta property=\"og:image:type\" content=\"image\/jpeg\" \/>\n<meta name=\"twitter:card\" content=\"summary_large_image\" \/>\n<meta name=\"twitter:label1\" content=\"Dur\u00e9e de lecture estim\u00e9e\" \/>\n\t<meta name=\"twitter:data1\" content=\"1 minute\" \/>\n<script type=\"application\/ld+json\" class=\"yoast-schema-graph\">{\"@context\":\"https:\\\/\\\/schema.org\",\"@graph\":[{\"@type\":\"WebPage\",\"@id\":\"https:\\\/\\\/terre-de-crat\u00e8res.fr\\\/?page_id=711\",\"url\":\"https:\\\/\\\/terre-de-crat\u00e8res.fr\\\/?page_id=711\",\"name\":\"Les articles - AMSTERDAM\",\"isPartOf\":{\"@id\":\"https:\\\/\\\/terre-de-crat\u00e8res.fr\\\/#website\"},\"datePublished\":\"2024-11-28T17:42:40+00:00\",\"dateModified\":\"2025-07-28T13:33:11+00:00\",\"description\":\"Les articles des hivernants racontent leurs vie sur la base Martin-de-Vivi\u00e8s et leur exp\u00e9riences, travaux, loisirs et vie en communaut\u00e9.\",\"breadcrumb\":{\"@id\":\"https:\\\/\\\/terre-de-crat\u00e8res.fr\\\/?page_id=711#breadcrumb\"},\"inLanguage\":\"fr-FR\",\"potentialAction\":[{\"@type\":\"ReadAction\",\"target\":[\"https:\\\/\\\/terre-de-crat\u00e8res.fr\\\/?page_id=711\"]}]},{\"@type\":\"BreadcrumbList\",\"@id\":\"https:\\\/\\\/terre-de-crat\u00e8res.fr\\\/?page_id=711#breadcrumb\",\"itemListElement\":[{\"@type\":\"ListItem\",\"position\":1,\"name\":\"Accueil\",\"item\":\"https:\\\/\\\/terre-de-crat\u00e8res.fr\\\/\"},{\"@type\":\"ListItem\",\"position\":2,\"name\":\"Les articles\"}]},{\"@type\":\"WebSite\",\"@id\":\"https:\\\/\\\/terre-de-crat\u00e8res.fr\\\/#website\",\"url\":\"https:\\\/\\\/terre-de-crat\u00e8res.fr\\\/\",\"name\":\"L'\u00eele d'Amsterdam\",\"description\":\"Les Hivernants de la 76\u00e8me mission racontent\",\"alternateName\":\"Amsterdam et Saint-Paul\",\"potentialAction\":[{\"@type\":\"SearchAction\",\"target\":{\"@type\":\"EntryPoint\",\"urlTemplate\":\"https:\\\/\\\/terre-de-crat\u00e8res.fr\\\/?s={search_term_string}\"},\"query-input\":{\"@type\":\"PropertyValueSpecification\",\"valueRequired\":true,\"valueName\":\"search_term_string\"}}],\"inLanguage\":\"fr-FR\"}]}<\/script>\n<!-- \/ Yoast SEO plugin. -->","yoast_head_json":{"title":"Les articles - AMSTERDAM","description":"Les articles des hivernants racontent leurs vie sur la base Martin-de-Vivi\u00e8s et leur exp\u00e9riences, travaux, loisirs et vie en communaut\u00e9.","robots":{"index":"index","follow":"follow","max-snippet":"max-snippet:-1","max-image-preview":"max-image-preview:large","max-video-preview":"max-video-preview:-1"},"canonical":"https:\/\/terre-de-crat\u00e8res.fr\/?page_id=711","og_locale":"fr_FR","og_type":"article","og_title":"Les articles - AMSTERDAM","og_description":"Les articles des hivernants racontent leurs vie sur la base Martin-de-Vivi\u00e8s et leur exp\u00e9riences, travaux, loisirs et vie en communaut\u00e9.","og_url":"https:\/\/terre-de-crat\u00e8res.fr\/?page_id=711","og_site_name":"AMSTERDAM","article_modified_time":"2025-07-28T13:33:11+00:00","og_image":[{"width":1600,"height":776,"url":"https:\/\/terre-de-crat\u00e8res.fr\/wp-content\/uploads\/2024\/11\/cropped-9E3A4267-scaled-1.jpg","type":"image\/jpeg"}],"twitter_card":"summary_large_image","twitter_misc":{"Dur\u00e9e de lecture estim\u00e9e":"1 minute"},"schema":{"@context":"https:\/\/schema.org","@graph":[{"@type":"WebPage","@id":"https:\/\/terre-de-crat\u00e8res.fr\/?page_id=711","url":"https:\/\/terre-de-crat\u00e8res.fr\/?page_id=711","name":"Les articles - AMSTERDAM","isPartOf":{"@id":"https:\/\/terre-de-crat\u00e8res.fr\/#website"},"datePublished":"2024-11-28T17:42:40+00:00","dateModified":"2025-07-28T13:33:11+00:00","description":"Les articles des hivernants racontent leurs vie sur la base Martin-de-Vivi\u00e8s et leur exp\u00e9riences, travaux, loisirs et vie en communaut\u00e9.","breadcrumb":{"@id":"https:\/\/terre-de-crat\u00e8res.fr\/?page_id=711#breadcrumb"},"inLanguage":"fr-FR","potentialAction":[{"@type":"ReadAction","target":["https:\/\/terre-de-crat\u00e8res.fr\/?page_id=711"]}]},{"@type":"BreadcrumbList","@id":"https:\/\/terre-de-crat\u00e8res.fr\/?page_id=711#breadcrumb","itemListElement":[{"@type":"ListItem","position":1,"name":"Accueil","item":"https:\/\/terre-de-crat\u00e8res.fr\/"},{"@type":"ListItem","position":2,"name":"Les articles"}]},{"@type":"WebSite","@id":"https:\/\/terre-de-crat\u00e8res.fr\/#website","url":"https:\/\/terre-de-crat\u00e8res.fr\/","name":"L'\u00eele d'Amsterdam","description":"Les Hivernants de la 76\u00e8me mission racontent","alternateName":"Amsterdam et Saint-Paul","potentialAction":[{"@type":"SearchAction","target":{"@type":"EntryPoint","urlTemplate":"https:\/\/terre-de-crat\u00e8res.fr\/?s={search_term_string}"},"query-input":{"@type":"PropertyValueSpecification","valueRequired":true,"valueName":"search_term_string"}}],"inLanguage":"fr-FR"}]}},"_links":{"self":[{"href":"https:\/\/terre-de-crat\u00e8res.fr\/index.php?rest_route=\/wp\/v2\/pages\/711","targetHints":{"allow":["GET"]}}],"collection":[{"href":"https:\/\/terre-de-crat\u00e8res.fr\/index.php?rest_route=\/wp\/v2\/pages"}],"about":[{"href":"https:\/\/terre-de-crat\u00e8res.fr\/index.php?rest_route=\/wp\/v2\/types\/page"}],"author":[{"embeddable":true,"href":"https:\/\/terre-de-crat\u00e8res.fr\/index.php?rest_route=\/wp\/v2\/users\/1"}],"replies":[{"embeddable":true,"href":"https:\/\/terre-de-crat\u00e8res.fr\/index.php?rest_route=%2Fwp%2Fv2%2Fcomments&post=711"}],"version-history":[{"count":5,"href":"https:\/\/terre-de-crat\u00e8res.fr\/index.php?rest_route=\/wp\/v2\/pages\/711\/revisions"}],"predecessor-version":[{"id":1260,"href":"https:\/\/terre-de-crat\u00e8res.fr\/index.php?rest_route=\/wp\/v2\/pages\/711\/revisions\/1260"}],"wp:attachment":[{"href":"https:\/\/terre-de-crat\u00e8res.fr\/index.php?rest_route=%2Fwp%2Fv2%2Fmedia&parent=711"}],"curies":[{"name":"wp","href":"https:\/\/api.w.org\/{rel}","templated":true}]}}