{"id":752,"date":"2024-12-08T07:11:49","date_gmt":"2024-12-08T06:11:49","guid":{"rendered":"https:\/\/terre-de-crat\u00e8res.fr\/?page_id=752"},"modified":"2024-12-08T11:53:00","modified_gmt":"2024-12-08T10:53:00","slug":"geomagnetisme","status":"publish","type":"page","link":"https:\/\/terre-de-crat\u00e8res.fr\/?page_id=752","title":{"rendered":"G\u00e9omagn\u00e9tisme"},"content":{"rendered":"\n<blockquote class=\"wp-block-quote is-layout-flow wp-block-quote-is-layout-flow\">\n<p class=\"has-text-align-center\">Ensemble des ph\u00e9nom\u00e8nes magn\u00e9tiques li\u00e9s au globe terrestre<\/p>\n<\/blockquote>\n\n\n\n<h2 class=\"wp-block-heading\">Mais pourquoi l&rsquo;\u00e9tudier ? <\/h2>\n\n\n\n<h3 class=\"wp-block-heading\">Navigation et Orientation<\/h3>\n\n\n\n<p>Historiquement et actuellement, le champ magn\u00e9tique terrestre joue un r\u00f4le fondamental dans la navigation. Les boussoles utilisent ce champ pour indiquer le nord, facilitant ainsi la navigation maritime et a\u00e9rienne.<\/p>\n\n\n\n<h3 class=\"wp-block-heading\">Protection Contre les Rayonnements<\/h3>\n\n\n\n<p>Le champ magn\u00e9tique terrestre forme une sorte de bouclier protecteur contre les particules charg\u00e9es provenant du Soleil et d&rsquo;autres sources cosmiques. Ces particules, connues sous le nom de vent solaire, peuvent \u00eatre nuisibles aux satellites, aux r\u00e9seaux \u00e9lectriques, et aux syst\u00e8mes de communication.<\/p>\n\n\n\n<h3 class=\"wp-block-heading\">\u00c9tude des Changements Climatiques<\/h3>\n\n\n\n<p>Les variations dans le champ magn\u00e9tique terrestre peuvent fournir des indices sur les changements dans la structure interne de la Terre, et par extension, sur les changements climatiques et g\u00e9ologiques \u00e0 long terme.<\/p>\n\n\n\n<h3 class=\"wp-block-heading\">Recherche Scientifique<\/h3>\n\n\n\n<p>\u00c9tudier le champ magn\u00e9tique terrestre aide les scientifiques \u00e0 mieux comprendre les dynamiques internes de notre plan\u00e8te, notamment le mouvement des plaques tectoniques et l&rsquo;\u00e9volution du noyau terrestre.<\/p>\n\n\n\n<p>En r\u00e9sum\u00e9, le champ magn\u00e9tique terrestre est essentiel pour la navigation, la protection contre les rayonnements, l&rsquo;\u00e9tude climatique, l&rsquo;exploration g\u00e9ologique et la recherche scientifique. C&rsquo;est un sujet fascinant qui touche de nombreux aspects de notre quotidien et de notre compr\u00e9hension du monde.<\/p>\n\n\n\n<hr class=\"wp-block-separator has-alpha-channel-opacity is-style-wide\"\/>\n\n\n\n<h2 class=\"wp-block-heading\">G\u00c9OMAGN\u00c9TISME DANS LES TERRES AUSTRALES <\/h2>\n\n\n\n<p>Les 6 observatoires magn\u00e9tiques permanents g\u00e9r\u00e9s par l&rsquo;EOST qui r\u00e9pondent aux normes et standards Intermagnet (INTErnational Real-time MAGnetic observatory NETwork). <br><br><strong>Le champ magn\u00e9tique de la Terre y est enregistr\u00e9 en continu avec des taux d&rsquo;\u00e9chantillonnage de 1s<\/strong>.<strong> Les enregistrements ont \u00e9t\u00e9 effectu\u00e9s de mani\u00e8re continue depuis 1981<\/strong>.<\/p>\n\n\n\n<p>Chaque jour, dans chaque base des TAAF, une mesure absolue du champ magn\u00e9tique terrestre est effectu\u00e9e par les hivernants de l&rsquo;IPEV pour le compte de l&rsquo;EOST. <\/p>\n\n\n\n<p>Le traitement et la diffusion des donn\u00e9es vers les centres mondiaux de donn\u00e9es g\u00e9ophysiques (<em>WDC pour le g\u00e9omagn\u00e9tisme &#8211; World Data Centers<\/em>), via le r\u00e9seau Intermagnet, sont r\u00e9alis\u00e9s en temps quasi-r\u00e9el gr\u00e2ce \u00e0 un syst\u00e8me d&rsquo;acquisition r\u00e9cent qui int\u00e8gre des protocoles d&rsquo;exp\u00e9dition quotidienne.<\/p>\n\n\n\n<p>Pour une utilisation continue par la communaut\u00e9 scientifique, il est crucial d&rsquo;assurer la continuit\u00e9, la qualit\u00e9, la stabilit\u00e9 et l&rsquo;homog\u00e9n\u00e9it\u00e9 de ces observations. Ces observatoires, situ\u00e9s dans des lieux recul\u00e9s et isol\u00e9s, ont n\u00e9cessit\u00e9 le d\u00e9veloppement et l&rsquo;adoption de m\u00e9thodes logistiques et technologiques adapt\u00e9es.<\/p>\n\n\n\n<hr class=\"wp-block-separator has-alpha-channel-opacity is-style-wide\"\/>\n\n\n\n<h2 class=\"wp-block-heading\">G\u00e9omagn\u00e9tisme sur l&rsquo;\u00eele d&rsquo;Amsterdam<\/h2>\n\n\n\n<p><\/p>\n\n\n<div class=\"wp-block-image is-style-default\">\n<figure class=\"aligncenter size-large is-resized\"><img loading=\"lazy\" decoding=\"async\" width=\"1024\" height=\"768\" src=\"https:\/\/terre-de-crat\u00e8res.fr\/wp-content\/uploads\/2024\/12\/IMG_20241208_111757-1024x768.jpg\" alt=\"shelter de g\u00e9omagn\u00e9tisme du variom\u00e8tre et de la mesure absolue sur l'\u00eele d'Amsterdam\" class=\"wp-image-795\" style=\"object-fit:contain;width:572px;height:auto\" srcset=\"https:\/\/terre-de-crat\u00e8res.fr\/wp-content\/uploads\/2024\/12\/IMG_20241208_111757-1024x768.jpg 1024w, https:\/\/terre-de-crat\u00e8res.fr\/wp-content\/uploads\/2024\/12\/IMG_20241208_111757-300x225.jpg 300w, https:\/\/terre-de-crat\u00e8res.fr\/wp-content\/uploads\/2024\/12\/IMG_20241208_111757-768x576.jpg 768w, https:\/\/terre-de-crat\u00e8res.fr\/wp-content\/uploads\/2024\/12\/IMG_20241208_111757-1536x1152.jpg 1536w, https:\/\/terre-de-crat\u00e8res.fr\/wp-content\/uploads\/2024\/12\/IMG_20241208_111757-2048x1536.jpg 2048w, https:\/\/terre-de-crat\u00e8res.fr\/wp-content\/uploads\/2024\/12\/IMG_20241208_111757-360x270.jpg 360w, https:\/\/terre-de-crat\u00e8res.fr\/wp-content\/uploads\/2024\/12\/IMG_20241208_111757-850x638.jpg 850w\" sizes=\"auto, (max-width: 1024px) 100vw, 1024px\" \/><figcaption class=\"wp-element-caption\"><em>A gauche, le shelter (Abri) qui abrite le variom\u00e8tre, \u00e0 droite le shelter de la mesure absolue.<\/em><\/figcaption><\/figure>\n<\/div>\n\n\n<p>Les shelter sont plac\u00e9s \u00e0 distance de la base pour minimiser toute interf\u00e9rence. Avant de s&rsquo;en approcher, il est imp\u00e9ratif de se d\u00e9barrasser de tout objet m\u00e9tallique. Cela inclut lunettes, ceintures, bijoux, chaussures (sauf les bottes), montres, et m\u00eame soutiens-gorge contenant du m\u00e9tal, car ces objets peuvent affecter les mesures magn\u00e9tiques \u00e0 l&rsquo;int\u00e9rieur du shelter.<\/p>\n\n\n\n<p>De plus, il est demand\u00e9 aux personnes passant en tracteur sur le chemin \u00e0 proximit\u00e9 de noter leurs horaires de passage, car cela provoque des pics de magn\u00e9tisme d\u00e9tect\u00e9s par les instruments de mesure.<\/p>\n\n\n\n<h3 class=\"wp-block-heading\">Fonctionnement du Variom\u00e8tre<\/h3>\n\n\n\n<p><strong>D\u00e9tection des Variations Magn\u00e9tiques<\/strong> : Le variom\u00e8tre mesure les changements dans l&rsquo;intensit\u00e9 du champ magn\u00e9tique au fil du temps. Contrairement \u00e0 un magn\u00e9tom\u00e8tre classique qui mesure l&rsquo;intensit\u00e9 absolue du champ magn\u00e9tique, le variom\u00e8tre se concentre sur les fluctuations.<br><strong>Sensibilit\u00e9 et Pr\u00e9cision<\/strong> : Gr\u00e2ce \u00e0 sa haute sensibilit\u00e9, le variom\u00e8tre peut d\u00e9tecter de tr\u00e8s petites variations dans le champ magn\u00e9tique, ce qui est crucial pour certaines applications scientifiques.<br><strong>Enregistrement des Donn\u00e9es<\/strong> : Il enregistre les variations magn\u00e9tiques de fa\u00e7on continue, permettant ainsi de suivre les perturbations magn\u00e9tiques caus\u00e9es par des ph\u00e9nom\u00e8nes naturels (comme les orages magn\u00e9tiques) ou anthropiques.<\/p>\n\n\n\n<h3 class=\"wp-block-heading\">La mesure absolue <\/h3>\n\n\n\n<p>Les mesures absolues servent de <strong>r\u00e9f\u00e9rence pour calibrer les autres instruments<\/strong> de mesure magn\u00e9tique, comme les variom\u00e8tres et les magn\u00e9tom\u00e8tres. Cela garantit que toutes les mesures relatives sont pr\u00e9cises et fiables.<br><br>La mesure absolue est faite <strong>chaque jour<\/strong> par par les hivernants de l&rsquo;IPEV. Elle est faite avec un th\u00e9odolite manuel. Pour avoir une mesure absolue pr\u00e9cise il faut \u00eatre amagn\u00e9tique (ne rien porter en m\u00e9tal ou d&rsquo;\u00e9lectronique sur soit). C&rsquo;est pour cela que les th\u00e9odolites sont manuel et non \u00e9lectronique car cela fausserai les mesures. <\/p>\n\n\n\n<p><\/p>\n\n\n\n<ol start=\"1\" class=\"wp-block-list\"><\/ol>\n\n\n\n<p><strong>Pour en savoir plus : <\/strong><br>Universit\u00e9 de Strasbourg : <a href=\"https:\/\/eost.unistra.fr\/observatoire\/magnetisme\/bcmt-eost\/\">EOST<\/a><br>Programme <a href=\"https:\/\/intermagnet.org\/\">Intermagnet<\/a><br>L&rsquo;ensemble de nos photos <a href=\"https:\/\/terre-de-crat\u00e8res.fr\/?page_id=66\">ici<\/a> <\/p>\n","protected":false},"excerpt":{"rendered":"<p>Ensemble des ph\u00e9nom\u00e8nes magn\u00e9tiques li\u00e9s au globe terrestre Mais pourquoi l&rsquo;\u00e9tudier ? Navigation et Orientation Historiquement et actuellement, le champ magn\u00e9tique terrestre joue un r\u00f4le fondamental dans la navigation. Les boussoles utilisent ce champ pour indiquer le nord, facilitant ainsi la navigation maritime et a\u00e9rienne. Protection Contre les Rayonnements Le champ magn\u00e9tique terrestre forme&#8230;<\/p>\n<p class=\"read-more\"><a class=\"btn btn-default\" href=\"https:\/\/terre-de-crat\u00e8res.fr\/?page_id=752\"> Read More<span class=\"screen-reader-text\">  Read More<\/span><\/a><\/p>\n","protected":false},"author":1,"featured_media":0,"parent":0,"menu_order":0,"comment_status":"closed","ping_status":"closed","template":"","meta":{"footnotes":""},"class_list":["post-752","page","type-page","status-publish","hentry"],"yoast_head":"<!-- This site is optimized with the Yoast SEO plugin v27.4 - https:\/\/yoast.com\/product\/yoast-seo-wordpress\/ -->\n<title>G\u00e9omagn\u00e9tisme - \u00cele d&#039;AMSTERDAM<\/title>\n<meta name=\"description\" content=\"le g\u00e9omagn\u00e9tisme, c&#039;est l&#039;ensemble des ph\u00e9nom\u00e8nes magn\u00e9tiques li\u00e9s au globe terrestre. Pilier de mesure absolue \u00e0 Amsertdam.\" \/>\n<meta name=\"robots\" content=\"index, follow, max-snippet:-1, max-image-preview:large, max-video-preview:-1\" \/>\n<link rel=\"canonical\" href=\"https:\/\/terre-de-crat\u00e8res.fr\/?page_id=752\" \/>\n<meta property=\"og:locale\" content=\"fr_FR\" \/>\n<meta property=\"og:type\" content=\"article\" \/>\n<meta property=\"og:title\" content=\"G\u00e9omagn\u00e9tisme - \u00cele d&#039;AMSTERDAM\" \/>\n<meta property=\"og:description\" content=\"le g\u00e9omagn\u00e9tisme, c&#039;est l&#039;ensemble des ph\u00e9nom\u00e8nes magn\u00e9tiques li\u00e9s au globe terrestre. Pilier de mesure absolue \u00e0 Amsertdam.\" \/>\n<meta property=\"og:url\" content=\"https:\/\/terre-de-crat\u00e8res.fr\/?page_id=752\" \/>\n<meta property=\"og:site_name\" content=\"AMSTERDAM\" \/>\n<meta property=\"article:modified_time\" content=\"2024-12-08T10:53:00+00:00\" \/>\n<meta property=\"og:image\" content=\"https:\/\/terre-de-crat\u00e8res.fr\/wp-content\/uploads\/2024\/11\/cropped-9E3A4267-scaled-1.jpg\" \/>\n\t<meta property=\"og:image:width\" content=\"1600\" \/>\n\t<meta property=\"og:image:height\" content=\"776\" \/>\n\t<meta property=\"og:image:type\" content=\"image\/jpeg\" \/>\n<meta name=\"twitter:card\" content=\"summary_large_image\" \/>\n<meta name=\"twitter:label1\" content=\"Dur\u00e9e de lecture estim\u00e9e\" \/>\n\t<meta name=\"twitter:data1\" content=\"4 minutes\" \/>\n<script type=\"application\/ld+json\" class=\"yoast-schema-graph\">{\"@context\":\"https:\\\/\\\/schema.org\",\"@graph\":[{\"@type\":\"WebPage\",\"@id\":\"https:\\\/\\\/terre-de-crat\u00e8res.fr\\\/?page_id=752\",\"url\":\"https:\\\/\\\/terre-de-crat\u00e8res.fr\\\/?page_id=752\",\"name\":\"G\u00e9omagn\u00e9tisme - \u00cele d'AMSTERDAM\",\"isPartOf\":{\"@id\":\"https:\\\/\\\/terre-de-crat\u00e8res.fr\\\/#website\"},\"datePublished\":\"2024-12-08T06:11:49+00:00\",\"dateModified\":\"2024-12-08T10:53:00+00:00\",\"description\":\"le g\u00e9omagn\u00e9tisme, c'est l'ensemble des ph\u00e9nom\u00e8nes magn\u00e9tiques li\u00e9s au globe terrestre. Pilier de mesure absolue \u00e0 Amsertdam.\",\"breadcrumb\":{\"@id\":\"https:\\\/\\\/terre-de-crat\u00e8res.fr\\\/?page_id=752#breadcrumb\"},\"inLanguage\":\"fr-FR\",\"potentialAction\":[{\"@type\":\"ReadAction\",\"target\":[\"https:\\\/\\\/terre-de-crat\u00e8res.fr\\\/?page_id=752\"]}]},{\"@type\":\"BreadcrumbList\",\"@id\":\"https:\\\/\\\/terre-de-crat\u00e8res.fr\\\/?page_id=752#breadcrumb\",\"itemListElement\":[{\"@type\":\"ListItem\",\"position\":1,\"name\":\"Accueil\",\"item\":\"https:\\\/\\\/terre-de-crat\u00e8res.fr\\\/\"},{\"@type\":\"ListItem\",\"position\":2,\"name\":\"G\u00e9omagn\u00e9tisme\"}]},{\"@type\":\"WebSite\",\"@id\":\"https:\\\/\\\/terre-de-crat\u00e8res.fr\\\/#website\",\"url\":\"https:\\\/\\\/terre-de-crat\u00e8res.fr\\\/\",\"name\":\"L'\u00eele d'Amsterdam\",\"description\":\"Les Hivernants de la 76\u00e8me mission racontent\",\"alternateName\":\"Amsterdam et Saint-Paul\",\"potentialAction\":[{\"@type\":\"SearchAction\",\"target\":{\"@type\":\"EntryPoint\",\"urlTemplate\":\"https:\\\/\\\/terre-de-crat\u00e8res.fr\\\/?s={search_term_string}\"},\"query-input\":{\"@type\":\"PropertyValueSpecification\",\"valueRequired\":true,\"valueName\":\"search_term_string\"}}],\"inLanguage\":\"fr-FR\"}]}<\/script>\n<!-- \/ Yoast SEO plugin. -->","yoast_head_json":{"title":"G\u00e9omagn\u00e9tisme - \u00cele d'AMSTERDAM","description":"le g\u00e9omagn\u00e9tisme, c'est l'ensemble des ph\u00e9nom\u00e8nes magn\u00e9tiques li\u00e9s au globe terrestre. Pilier de mesure absolue \u00e0 Amsertdam.","robots":{"index":"index","follow":"follow","max-snippet":"max-snippet:-1","max-image-preview":"max-image-preview:large","max-video-preview":"max-video-preview:-1"},"canonical":"https:\/\/terre-de-crat\u00e8res.fr\/?page_id=752","og_locale":"fr_FR","og_type":"article","og_title":"G\u00e9omagn\u00e9tisme - \u00cele d'AMSTERDAM","og_description":"le g\u00e9omagn\u00e9tisme, c'est l'ensemble des ph\u00e9nom\u00e8nes magn\u00e9tiques li\u00e9s au globe terrestre. Pilier de mesure absolue \u00e0 Amsertdam.","og_url":"https:\/\/terre-de-crat\u00e8res.fr\/?page_id=752","og_site_name":"AMSTERDAM","article_modified_time":"2024-12-08T10:53:00+00:00","og_image":[{"width":1600,"height":776,"url":"https:\/\/terre-de-crat\u00e8res.fr\/wp-content\/uploads\/2024\/11\/cropped-9E3A4267-scaled-1.jpg","type":"image\/jpeg"}],"twitter_card":"summary_large_image","twitter_misc":{"Dur\u00e9e de lecture estim\u00e9e":"4 minutes"},"schema":{"@context":"https:\/\/schema.org","@graph":[{"@type":"WebPage","@id":"https:\/\/terre-de-crat\u00e8res.fr\/?page_id=752","url":"https:\/\/terre-de-crat\u00e8res.fr\/?page_id=752","name":"G\u00e9omagn\u00e9tisme - \u00cele d'AMSTERDAM","isPartOf":{"@id":"https:\/\/terre-de-crat\u00e8res.fr\/#website"},"datePublished":"2024-12-08T06:11:49+00:00","dateModified":"2024-12-08T10:53:00+00:00","description":"le g\u00e9omagn\u00e9tisme, c'est l'ensemble des ph\u00e9nom\u00e8nes magn\u00e9tiques li\u00e9s au globe terrestre. Pilier de mesure absolue \u00e0 Amsertdam.","breadcrumb":{"@id":"https:\/\/terre-de-crat\u00e8res.fr\/?page_id=752#breadcrumb"},"inLanguage":"fr-FR","potentialAction":[{"@type":"ReadAction","target":["https:\/\/terre-de-crat\u00e8res.fr\/?page_id=752"]}]},{"@type":"BreadcrumbList","@id":"https:\/\/terre-de-crat\u00e8res.fr\/?page_id=752#breadcrumb","itemListElement":[{"@type":"ListItem","position":1,"name":"Accueil","item":"https:\/\/terre-de-crat\u00e8res.fr\/"},{"@type":"ListItem","position":2,"name":"G\u00e9omagn\u00e9tisme"}]},{"@type":"WebSite","@id":"https:\/\/terre-de-crat\u00e8res.fr\/#website","url":"https:\/\/terre-de-crat\u00e8res.fr\/","name":"L'\u00eele d'Amsterdam","description":"Les Hivernants de la 76\u00e8me mission racontent","alternateName":"Amsterdam et Saint-Paul","potentialAction":[{"@type":"SearchAction","target":{"@type":"EntryPoint","urlTemplate":"https:\/\/terre-de-crat\u00e8res.fr\/?s={search_term_string}"},"query-input":{"@type":"PropertyValueSpecification","valueRequired":true,"valueName":"search_term_string"}}],"inLanguage":"fr-FR"}]}},"_links":{"self":[{"href":"https:\/\/terre-de-crat\u00e8res.fr\/index.php?rest_route=\/wp\/v2\/pages\/752","targetHints":{"allow":["GET"]}}],"collection":[{"href":"https:\/\/terre-de-crat\u00e8res.fr\/index.php?rest_route=\/wp\/v2\/pages"}],"about":[{"href":"https:\/\/terre-de-crat\u00e8res.fr\/index.php?rest_route=\/wp\/v2\/types\/page"}],"author":[{"embeddable":true,"href":"https:\/\/terre-de-crat\u00e8res.fr\/index.php?rest_route=\/wp\/v2\/users\/1"}],"replies":[{"embeddable":true,"href":"https:\/\/terre-de-crat\u00e8res.fr\/index.php?rest_route=%2Fwp%2Fv2%2Fcomments&post=752"}],"version-history":[{"count":8,"href":"https:\/\/terre-de-crat\u00e8res.fr\/index.php?rest_route=\/wp\/v2\/pages\/752\/revisions"}],"predecessor-version":[{"id":821,"href":"https:\/\/terre-de-crat\u00e8res.fr\/index.php?rest_route=\/wp\/v2\/pages\/752\/revisions\/821"}],"wp:attachment":[{"href":"https:\/\/terre-de-crat\u00e8res.fr\/index.php?rest_route=%2Fwp%2Fv2%2Fmedia&parent=752"}],"curies":[{"name":"wp","href":"https:\/\/api.w.org\/{rel}","templated":true}]}}