{"id":833,"date":"2024-12-08T12:10:45","date_gmt":"2024-12-08T11:10:45","guid":{"rendered":"https:\/\/terre-de-crat\u00e8res.fr\/?page_id=833"},"modified":"2024-12-25T07:37:35","modified_gmt":"2024-12-25T06:37:35","slug":"contacter-les-hivernants-damsterdam","status":"publish","type":"page","link":"https:\/\/terre-de-crat\u00e8res.fr\/?page_id=833","title":{"rendered":"Contacts"},"content":{"rendered":"\n<h2 class=\"wp-block-heading\">Par courrier :<\/h2>\n\n\n\n<p>Pour nous contacter, envoyer le courrier minimum 1 mois avant le d\u00e9part du bateau selon le tableau suivant :<\/p>\n\n\n\n<figure class=\"wp-block-image size-full\"><img loading=\"lazy\" decoding=\"async\" width=\"921\" height=\"458\" src=\"https:\/\/terre-de-crat\u00e8res.fr\/wp-content\/uploads\/2024\/12\/IMG_20241209_122441.jpg\" alt=\"Nous contacter : tableau des dates d'envoi du courrier pour les TAAF\" class=\"wp-image-862\" srcset=\"https:\/\/terre-de-crat\u00e8res.fr\/wp-content\/uploads\/2024\/12\/IMG_20241209_122441.jpg 921w, https:\/\/terre-de-crat\u00e8res.fr\/wp-content\/uploads\/2024\/12\/IMG_20241209_122441-300x149.jpg 300w, https:\/\/terre-de-crat\u00e8res.fr\/wp-content\/uploads\/2024\/12\/IMG_20241209_122441-768x382.jpg 768w, https:\/\/terre-de-crat\u00e8res.fr\/wp-content\/uploads\/2024\/12\/IMG_20241209_122441-543x270.jpg 543w, https:\/\/terre-de-crat\u00e8res.fr\/wp-content\/uploads\/2024\/12\/IMG_20241209_122441-850x423.jpg 850w\" sizes=\"auto, (max-width: 921px) 100vw, 921px\" \/><\/figure>\n\n\n\n<h2 class=\"wp-block-heading\">Pour du courrier priv\u00e9 :<\/h2>\n\n\n\n<blockquote class=\"wp-block-quote is-layout-flow wp-block-quote-is-layout-flow\">\n<p class=\"has-text-align-center\">*<em>PR\u00c9NOM ET NOM DE VOTRE DESTINATAIRE*<\/em><br>Base Martin de Vivi\u00e8s \u2013 TAAF 5 RUE FRANCIS SAUTRON, CS 31300, 97829 Le PORT CEDEX&nbsp;<\/p>\n<\/blockquote>\n\n\n\n<h2 class=\"wp-block-heading\">Pour les philat\u00e9listes : <\/h2>\n\n\n\n<blockquote class=\"wp-block-quote is-layout-flow wp-block-quote-is-layout-flow\">\n<p class=\"has-text-align-center\"><strong>M. le g\u00e9rant postal du district de St Paul et Amsterdam<\/strong><br>Base Martin de Vivi\u00e8s \u2013 TAAF 5 RUE FRANCIS SAUTRON, CS 31300, 97829 Le PORT CEDEX&nbsp;<\/p>\n\n\n\n<p><\/p>\n<\/blockquote>\n\n\n\n<hr class=\"wp-block-separator has-alpha-channel-opacity is-style-wide\"\/>\n\n\n\n<h2 class=\"wp-block-heading\">Formulaire de contact :<\/h2>\n\n\n<div class=\"wpforms-container wpforms-container-full wpforms-render-modern\" id=\"wpforms-915\"><form id=\"wpforms-form-915\" class=\"wpforms-validate wpforms-form wpforms-ajax-form\" data-formid=\"915\" method=\"post\" enctype=\"multipart\/form-data\" action=\"\/index.php?rest_route=%2Fwp%2Fv2%2Fpages%2F833\" data-token=\"d60d21383f43d5f5ba6e6b565c337d4f\" data-token-time=\"1775502996\"><noscript class=\"wpforms-error-noscript\">Veuillez activer JavaScript dans votre navigateur pour remplir ce formulaire.<\/noscript><div id=\"wpforms-error-noscript\" style=\"display: none;\">Veuillez activer JavaScript dans votre navigateur pour remplir ce formulaire.<\/div><div class=\"wpforms-field-container\">\t\t<div id=\"wpforms-915-field_4-container\"\n\t\t\tclass=\"wpforms-field wpforms-field-text\"\n\t\t\tdata-field-type=\"text\"\n\t\t\tdata-field-id=\"4\"\n\t\t\t>\n\t\t\t<label class=\"wpforms-field-label\" for=\"wpforms-915-field_4\" >message ou Nom<\/label>\n\t\t\t<input type=\"text\" id=\"wpforms-915-field_4\" class=\"wpforms-field-medium\" name=\"wpforms[fields][4]\" >\n\t\t<\/div>\n\t\t<div id=\"wpforms-915-field_1-container\" class=\"wpforms-field wpforms-field-name\" data-field-id=\"1\"><fieldset><legend class=\"wpforms-field-label\">Nom <span class=\"wpforms-required-label\" aria-hidden=\"true\">*<\/span><\/legend><div class=\"wpforms-field-row wpforms-field-medium\"><div class=\"wpforms-field-row-block wpforms-first wpforms-one-half\"><input type=\"text\" id=\"wpforms-915-field_1\" class=\"wpforms-field-name-first wpforms-field-required\" name=\"wpforms[fields][1][first]\" aria-errormessage=\"wpforms-915-field_1-error\" required><label for=\"wpforms-915-field_1\" class=\"wpforms-field-sublabel after\">Pr\u00e9nom<\/label><\/div><div class=\"wpforms-field-row-block wpforms-one-half\"><input type=\"text\" id=\"wpforms-915-field_1-last\" class=\"wpforms-field-name-last wpforms-field-required\" name=\"wpforms[fields][1][last]\" aria-errormessage=\"wpforms-915-field_1-last-error\" required><label for=\"wpforms-915-field_1-last\" class=\"wpforms-field-sublabel after\">Nom<\/label><\/div><\/div><\/fieldset><\/div><div id=\"wpforms-915-field_2-container\" class=\"wpforms-field wpforms-field-email\" data-field-id=\"2\"><label class=\"wpforms-field-label\" for=\"wpforms-915-field_2\">E-mail <span class=\"wpforms-required-label\" aria-hidden=\"true\">*<\/span><\/label><input type=\"email\" id=\"wpforms-915-field_2\" class=\"wpforms-field-medium wpforms-field-required\" name=\"wpforms[fields][2]\" spellcheck=\"false\" aria-errormessage=\"wpforms-915-field_2-error\" required><\/div><div id=\"wpforms-915-field_3-container\" class=\"wpforms-field wpforms-field-textarea\" data-field-id=\"3\"><label class=\"wpforms-field-label\" for=\"wpforms-915-field_3\">Commentaire ou message<\/label><textarea id=\"wpforms-915-field_3\" class=\"wpforms-field-medium\" name=\"wpforms[fields][3]\" aria-errormessage=\"wpforms-915-field_3-error\" ><\/textarea><\/div><script>\n\t\t\t\t( function() {\n\t\t\t\t\tconst style = document.createElement( 'style' );\n\t\t\t\t\tstyle.appendChild( document.createTextNode( '#wpforms-915-field_4-container { position: absolute !important; overflow: hidden !important; display: inline !important; height: 1px !important; width: 1px !important; z-index: -1000 !important; padding: 0 !important; } #wpforms-915-field_4-container input { visibility: hidden; } #wpforms-conversational-form-page #wpforms-915-field_4-container label { counter-increment: none; }' ) );\n\t\t\t\t\tdocument.head.appendChild( style );\n\t\t\t\t\tdocument.currentScript?.remove();\n\t\t\t\t} )();\n\t\t\t<\/script><\/div><!-- .wpforms-field-container --><div class=\"wpforms-submit-container\" ><input type=\"hidden\" name=\"wpforms[id]\" value=\"915\"><input type=\"hidden\" name=\"page_title\" value=\"\"><input type=\"hidden\" name=\"page_url\" value=\"https:\/\/terre-de-crat\u00e8res.fr\/index.php?rest_route=\/wp\/v2\/pages\/833\"><input type=\"hidden\" name=\"url_referer\" value=\"\"><button type=\"submit\" name=\"wpforms[submit]\" id=\"wpforms-submit-915\" class=\"wpforms-submit\" data-alt-text=\"Envoi...\" data-submit-text=\"Envoyer\" aria-live=\"assertive\" value=\"wpforms-submit\">Envoyer<\/button><img loading=\"lazy\" decoding=\"async\" src=\"https:\/\/terre-de-crat\u00e8res.fr\/wp-content\/plugins\/wpforms-lite\/assets\/images\/submit-spin.svg\" class=\"wpforms-submit-spinner\" style=\"display: none;\" width=\"26\" height=\"26\" alt=\"Chargement en cours\"><\/div><\/form><\/div>  <!-- .wpforms-container -->\n\n\n\n<hr class=\"wp-block-separator has-alpha-channel-opacity is-style-wide\"\/>\n\n\n\n<h2 class=\"wp-block-heading\">Les blogs des copains : <\/h2>\n\n\n\n<p>Le blog officiel de l&rsquo;\u00eele d&rsquo;Amsterdam r\u00e9dig\u00e9 par la Disams (cheffe du district) : <br><a href=\"http:\/\/saintpauletamsterdam.blogspot.com\/\">http:\/\/saintpauletamsterdam.blogspot.com\/<\/a><\/p>\n\n\n\n<p>Paul Lafay , informaticien \u00e0 Kerguelen : <a href=\"https:\/\/quevastufairelabas.fr\/\">https:\/\/quevastufairelabas.fr\/<\/a><br>Lucile Hateau, ornithologue \u00e0 Crozet : <a href=\"https:\/\/lucilehateau.wixsite.com\/crozet \">https:\/\/lucilehateau.wixsite.com\/crozet <\/a><\/p>\n\n\n\n<p>Site de l&rsquo;association AMAEPF : <a href=\"https:\/\/www.amaepf.fr\/\">https:\/\/www.amaepf.fr\/<\/a><\/p>\n\n\n\n<p><a href=\"https:\/\/xn--terre-de-cratres-5pb.fr\/?page_id=711\">Nos articles ici<\/a><\/p>\n\n\n\n<hr class=\"wp-block-separator has-alpha-channel-opacity\"\/>\n\n\n\n<h2 class=\"wp-block-heading\">R\u00e9seaux sociaux <\/h2>\n\n\n\n<p><strong>R\u00e9mi CHAZOT<\/strong><\/p>\n\n\n\n<ul class=\"wp-block-social-links is-layout-flex wp-block-social-links-is-layout-flex\"><li class=\"wp-social-link wp-social-link-instagram  wp-block-social-link\"><a href=\"https:\/\/www.instagram.com\/remi.chazot\/\" class=\"wp-block-social-link-anchor\"><svg width=\"24\" height=\"24\" viewBox=\"0 0 24 24\" version=\"1.1\" xmlns=\"http:\/\/www.w3.org\/2000\/svg\" aria-hidden=\"true\" focusable=\"false\"><path d=\"M12,4.622c2.403,0,2.688,0.009,3.637,0.052c0.877,0.04,1.354,0.187,1.671,0.31c0.42,0.163,0.72,0.358,1.035,0.673 c0.315,0.315,0.51,0.615,0.673,1.035c0.123,0.317,0.27,0.794,0.31,1.671c0.043,0.949,0.052,1.234,0.052,3.637 s-0.009,2.688-0.052,3.637c-0.04,0.877-0.187,1.354-0.31,1.671c-0.163,0.42-0.358,0.72-0.673,1.035 c-0.315,0.315-0.615,0.51-1.035,0.673c-0.317,0.123-0.794,0.27-1.671,0.31c-0.949,0.043-1.233,0.052-3.637,0.052 s-2.688-0.009-3.637-0.052c-0.877-0.04-1.354-0.187-1.671-0.31c-0.42-0.163-0.72-0.358-1.035-0.673 c-0.315-0.315-0.51-0.615-0.673-1.035c-0.123-0.317-0.27-0.794-0.31-1.671C4.631,14.688,4.622,14.403,4.622,12 s0.009-2.688,0.052-3.637c0.04-0.877,0.187-1.354,0.31-1.671c0.163-0.42,0.358-0.72,0.673-1.035 c0.315-0.315,0.615-0.51,1.035-0.673c0.317-0.123,0.794-0.27,1.671-0.31C9.312,4.631,9.597,4.622,12,4.622 M12,3 C9.556,3,9.249,3.01,8.289,3.054C7.331,3.098,6.677,3.25,6.105,3.472C5.513,3.702,5.011,4.01,4.511,4.511 c-0.5,0.5-0.808,1.002-1.038,1.594C3.25,6.677,3.098,7.331,3.054,8.289C3.01,9.249,3,9.556,3,12c0,2.444,0.01,2.751,0.054,3.711 c0.044,0.958,0.196,1.612,0.418,2.185c0.23,0.592,0.538,1.094,1.038,1.594c0.5,0.5,1.002,0.808,1.594,1.038 c0.572,0.222,1.227,0.375,2.185,0.418C9.249,20.99,9.556,21,12,21s2.751-0.01,3.711-0.054c0.958-0.044,1.612-0.196,2.185-0.418 c0.592-0.23,1.094-0.538,1.594-1.038c0.5-0.5,0.808-1.002,1.038-1.594c0.222-0.572,0.375-1.227,0.418-2.185 C20.99,14.751,21,14.444,21,12s-0.01-2.751-0.054-3.711c-0.044-0.958-0.196-1.612-0.418-2.185c-0.23-0.592-0.538-1.094-1.038-1.594 c-0.5-0.5-1.002-0.808-1.594-1.038c-0.572-0.222-1.227-0.375-2.185-0.418C14.751,3.01,14.444,3,12,3L12,3z M12,7.378 c-2.552,0-4.622,2.069-4.622,4.622S9.448,16.622,12,16.622s4.622-2.069,4.622-4.622S14.552,7.378,12,7.378z M12,15 c-1.657,0-3-1.343-3-3s1.343-3,3-3s3,1.343,3,3S13.657,15,12,15z M16.804,6.116c-0.596,0-1.08,0.484-1.08,1.08 s0.484,1.08,1.08,1.08c0.596,0,1.08-0.484,1.08-1.08S17.401,6.116,16.804,6.116z\"><\/path><\/svg><span class=\"wp-block-social-link-label screen-reader-text\">Instagram<\/span><\/a><\/li><\/ul>\n\n\n\n<p><\/p>\n","protected":false},"excerpt":{"rendered":"<p>Par courrier : Pour nous contacter, envoyer le courrier minimum 1 mois avant le d\u00e9part du bateau selon le tableau suivant : Pour du courrier priv\u00e9 : *PR\u00c9NOM ET NOM DE VOTRE DESTINATAIRE*Base Martin de Vivi\u00e8s \u2013 TAAF 5 RUE FRANCIS SAUTRON, CS 31300, 97829 Le PORT CEDEX&nbsp; Pour les philat\u00e9listes : M. le&#8230;<\/p>\n<p class=\"read-more\"><a class=\"btn btn-default\" href=\"https:\/\/terre-de-crat\u00e8res.fr\/?page_id=833\"> Read More<span class=\"screen-reader-text\">  Read More<\/span><\/a><\/p>\n","protected":false},"author":1,"featured_media":0,"parent":0,"menu_order":0,"comment_status":"closed","ping_status":"closed","template":"","meta":{"footnotes":""},"class_list":["post-833","page","type-page","status-publish","hentry"],"yoast_head":"<!-- This site is optimized with the Yoast SEO plugin v27.3 - https:\/\/yoast.com\/product\/yoast-seo-wordpress\/ -->\n<title>Nous Contacter - les hivernants d&#039;Amsterdam<\/title>\n<meta name=\"description\" content=\"Pour contacter les hivernants du district d\u2019Amsterdam. Par courrier, mail, radio... Espace philat\u00e9lie pour les collectionneurs.\" \/>\n<meta name=\"robots\" content=\"index, follow, max-snippet:-1, max-image-preview:large, max-video-preview:-1\" \/>\n<link rel=\"canonical\" href=\"https:\/\/terre-de-crat\u00e8res.fr\/?page_id=833\" \/>\n<meta property=\"og:locale\" content=\"fr_FR\" \/>\n<meta property=\"og:type\" content=\"article\" \/>\n<meta property=\"og:title\" content=\"Nous Contacter - les hivernants d&#039;Amsterdam\" \/>\n<meta property=\"og:description\" content=\"Pour contacter les hivernants du district d\u2019Amsterdam. Par courrier, mail, radio... Espace philat\u00e9lie pour les collectionneurs.\" \/>\n<meta property=\"og:url\" content=\"https:\/\/terre-de-crat\u00e8res.fr\/?page_id=833\" \/>\n<meta property=\"og:site_name\" content=\"AMSTERDAM\" \/>\n<meta property=\"article:modified_time\" content=\"2024-12-25T06:37:35+00:00\" \/>\n<meta property=\"og:image\" content=\"https:\/\/terre-de-crat\u00e8res.fr\/wp-content\/uploads\/2024\/11\/cropped-9E3A4267-scaled-1.jpg\" \/>\n\t<meta property=\"og:image:width\" content=\"1600\" \/>\n\t<meta property=\"og:image:height\" content=\"776\" \/>\n\t<meta property=\"og:image:type\" content=\"image\/jpeg\" \/>\n<meta name=\"twitter:card\" content=\"summary_large_image\" \/>\n<meta name=\"twitter:label1\" content=\"Dur\u00e9e de lecture estim\u00e9e\" \/>\n\t<meta name=\"twitter:data1\" content=\"1 minute\" \/>\n<script type=\"application\/ld+json\" class=\"yoast-schema-graph\">{\"@context\":\"https:\\\/\\\/schema.org\",\"@graph\":[{\"@type\":\"WebPage\",\"@id\":\"https:\\\/\\\/terre-de-crat\u00e8res.fr\\\/?page_id=833\",\"url\":\"https:\\\/\\\/terre-de-crat\u00e8res.fr\\\/?page_id=833\",\"name\":\"Nous Contacter - les hivernants d'Amsterdam\",\"isPartOf\":{\"@id\":\"https:\\\/\\\/terre-de-crat\u00e8res.fr\\\/#website\"},\"datePublished\":\"2024-12-08T11:10:45+00:00\",\"dateModified\":\"2024-12-25T06:37:35+00:00\",\"description\":\"Pour contacter les hivernants du district d\u2019Amsterdam. Par courrier, mail, radio... Espace philat\u00e9lie pour les collectionneurs.\",\"breadcrumb\":{\"@id\":\"https:\\\/\\\/terre-de-crat\u00e8res.fr\\\/?page_id=833#breadcrumb\"},\"inLanguage\":\"fr-FR\",\"potentialAction\":[{\"@type\":\"ReadAction\",\"target\":[\"https:\\\/\\\/terre-de-crat\u00e8res.fr\\\/?page_id=833\"]}]},{\"@type\":\"BreadcrumbList\",\"@id\":\"https:\\\/\\\/terre-de-crat\u00e8res.fr\\\/?page_id=833#breadcrumb\",\"itemListElement\":[{\"@type\":\"ListItem\",\"position\":1,\"name\":\"Accueil\",\"item\":\"https:\\\/\\\/terre-de-crat\u00e8res.fr\\\/\"},{\"@type\":\"ListItem\",\"position\":2,\"name\":\"Contacts\"}]},{\"@type\":\"WebSite\",\"@id\":\"https:\\\/\\\/terre-de-crat\u00e8res.fr\\\/#website\",\"url\":\"https:\\\/\\\/terre-de-crat\u00e8res.fr\\\/\",\"name\":\"L'\u00eele d'Amsterdam\",\"description\":\"Les Hivernants de la 76\u00e8me mission racontent\",\"alternateName\":\"Amsterdam et Saint-Paul\",\"potentialAction\":[{\"@type\":\"SearchAction\",\"target\":{\"@type\":\"EntryPoint\",\"urlTemplate\":\"https:\\\/\\\/terre-de-crat\u00e8res.fr\\\/?s={search_term_string}\"},\"query-input\":{\"@type\":\"PropertyValueSpecification\",\"valueRequired\":true,\"valueName\":\"search_term_string\"}}],\"inLanguage\":\"fr-FR\"}]}<\/script>\n<!-- \/ Yoast SEO plugin. -->","yoast_head_json":{"title":"Nous Contacter - les hivernants d'Amsterdam","description":"Pour contacter les hivernants du district d\u2019Amsterdam. Par courrier, mail, radio... Espace philat\u00e9lie pour les collectionneurs.","robots":{"index":"index","follow":"follow","max-snippet":"max-snippet:-1","max-image-preview":"max-image-preview:large","max-video-preview":"max-video-preview:-1"},"canonical":"https:\/\/terre-de-crat\u00e8res.fr\/?page_id=833","og_locale":"fr_FR","og_type":"article","og_title":"Nous Contacter - les hivernants d'Amsterdam","og_description":"Pour contacter les hivernants du district d\u2019Amsterdam. Par courrier, mail, radio... Espace philat\u00e9lie pour les collectionneurs.","og_url":"https:\/\/terre-de-crat\u00e8res.fr\/?page_id=833","og_site_name":"AMSTERDAM","article_modified_time":"2024-12-25T06:37:35+00:00","og_image":[{"width":1600,"height":776,"url":"https:\/\/terre-de-crat\u00e8res.fr\/wp-content\/uploads\/2024\/11\/cropped-9E3A4267-scaled-1.jpg","type":"image\/jpeg"}],"twitter_card":"summary_large_image","twitter_misc":{"Dur\u00e9e de lecture estim\u00e9e":"1 minute"},"schema":{"@context":"https:\/\/schema.org","@graph":[{"@type":"WebPage","@id":"https:\/\/terre-de-crat\u00e8res.fr\/?page_id=833","url":"https:\/\/terre-de-crat\u00e8res.fr\/?page_id=833","name":"Nous Contacter - les hivernants d'Amsterdam","isPartOf":{"@id":"https:\/\/terre-de-crat\u00e8res.fr\/#website"},"datePublished":"2024-12-08T11:10:45+00:00","dateModified":"2024-12-25T06:37:35+00:00","description":"Pour contacter les hivernants du district d\u2019Amsterdam. Par courrier, mail, radio... Espace philat\u00e9lie pour les collectionneurs.","breadcrumb":{"@id":"https:\/\/terre-de-crat\u00e8res.fr\/?page_id=833#breadcrumb"},"inLanguage":"fr-FR","potentialAction":[{"@type":"ReadAction","target":["https:\/\/terre-de-crat\u00e8res.fr\/?page_id=833"]}]},{"@type":"BreadcrumbList","@id":"https:\/\/terre-de-crat\u00e8res.fr\/?page_id=833#breadcrumb","itemListElement":[{"@type":"ListItem","position":1,"name":"Accueil","item":"https:\/\/terre-de-crat\u00e8res.fr\/"},{"@type":"ListItem","position":2,"name":"Contacts"}]},{"@type":"WebSite","@id":"https:\/\/terre-de-crat\u00e8res.fr\/#website","url":"https:\/\/terre-de-crat\u00e8res.fr\/","name":"L'\u00eele d'Amsterdam","description":"Les Hivernants de la 76\u00e8me mission racontent","alternateName":"Amsterdam et Saint-Paul","potentialAction":[{"@type":"SearchAction","target":{"@type":"EntryPoint","urlTemplate":"https:\/\/terre-de-crat\u00e8res.fr\/?s={search_term_string}"},"query-input":{"@type":"PropertyValueSpecification","valueRequired":true,"valueName":"search_term_string"}}],"inLanguage":"fr-FR"}]}},"_links":{"self":[{"href":"https:\/\/terre-de-crat\u00e8res.fr\/index.php?rest_route=\/wp\/v2\/pages\/833","targetHints":{"allow":["GET"]}}],"collection":[{"href":"https:\/\/terre-de-crat\u00e8res.fr\/index.php?rest_route=\/wp\/v2\/pages"}],"about":[{"href":"https:\/\/terre-de-crat\u00e8res.fr\/index.php?rest_route=\/wp\/v2\/types\/page"}],"author":[{"embeddable":true,"href":"https:\/\/terre-de-crat\u00e8res.fr\/index.php?rest_route=\/wp\/v2\/users\/1"}],"replies":[{"embeddable":true,"href":"https:\/\/terre-de-crat\u00e8res.fr\/index.php?rest_route=%2Fwp%2Fv2%2Fcomments&post=833"}],"version-history":[{"count":13,"href":"https:\/\/terre-de-crat\u00e8res.fr\/index.php?rest_route=\/wp\/v2\/pages\/833\/revisions"}],"predecessor-version":[{"id":1196,"href":"https:\/\/terre-de-crat\u00e8res.fr\/index.php?rest_route=\/wp\/v2\/pages\/833\/revisions\/1196"}],"wp:attachment":[{"href":"https:\/\/terre-de-crat\u00e8res.fr\/index.php?rest_route=%2Fwp%2Fv2%2Fmedia&parent=833"}],"curies":[{"name":"wp","href":"https:\/\/api.w.org\/{rel}","templated":true}]}}